{"id":1034,"date":"2015-10-24T20:34:17","date_gmt":"2015-10-24T18:34:17","guid":{"rendered":"https:\/\/mylaserglass.com\/online\/produkt\/led-leuchtsockel-lb-200b\/"},"modified":"2024-11-20T18:32:45","modified_gmt":"2024-11-20T17:32:45","slug":"led-leuchtsockel-lb-c-200b","status":"publish","type":"product","link":"https:\/\/mylaserglass.com\/online\/led-leuchtsockel-lb-c-200b\/","title":{"rendered":"LED Leuchtsockel LB-C 200B"},"content":{"rendered":"<div class=\"fusion-fullwidth fullwidth-box fusion-builder-row-1 fusion-flex-container nonhundred-percent-fullwidth non-hundred-percent-height-scrolling\" style=\"--awb-border-radius-top-left:0px;--awb-border-radius-top-right:0px;--awb-border-radius-bottom-right:0px;--awb-border-radius-bottom-left:0px;--awb-flex-wrap:wrap;\" ><div class=\"fusion-builder-row fusion-row fusion-flex-align-items-flex-start fusion-flex-content-wrap\" style=\"max-width:1430px;margin-left: calc(-4% \/ 2 );margin-right: calc(-4% \/ 2 );\"><div class=\"fusion-layout-column fusion_builder_column fusion-builder-column-0 fusion_builder_column_1_1 1_1 fusion-flex-column\" style=\"--awb-bg-size:cover;--awb-width-large:100%;--awb-margin-top-large:0px;--awb-spacing-right-large:1.92%;--awb-margin-bottom-large:0px;--awb-spacing-left-large:1.92%;--awb-width-medium:100%;--awb-spacing-right-medium:1.92%;--awb-spacing-left-medium:1.92%;--awb-width-small:100%;--awb-spacing-right-small:1.92%;--awb-spacing-left-small:1.92%;\"><div class=\"fusion-column-wrapper fusion-flex-justify-content-flex-start fusion-content-layout-column\"><div class=\"fusion-text fusion-text-1\" style=\"--awb-text-color:var(--awb-custom_color_1);\"><p>LED Leuchtsockel LB-C 200B Schwarz<\/p>\n<p><strong>geeignet f\u00fcr:<\/strong><\/p>\n<\/div><div class=\"fusion-text fusion-text-2 fusion-text-no-margin\" style=\"--awb-margin-bottom:30px;\"><table width=\"471\">\n<tbody>\n<tr>\n<td>Quader STANDARD<\/td>\n<td>R120 Querformat<\/td>\n<\/tr>\n<tr>\n<td>Quader SPEZIAL<\/td>\n<td>R150 Querformat<\/td>\n<\/tr>\n<tr>\n<td>Quader BIG<\/td>\n<td>R130B, R180 Hoch- oder Querformat<\/td>\n<\/tr>\n<tr>\n<td><\/td>\n<td style=\"text-align: left;\">R200 Querformat<\/td>\n<\/tr>\n<tr>\n<td>Flachglas selbststehend<\/td>\n<td style=\"text-align: left;\">RT180 Hochformat<\/td>\n<\/tr>\n<tr>\n<td><\/td>\n<td style=\"text-align: left;\">RT130 Querformat<\/td>\n<\/tr>\n<\/tbody>\n<\/table>\n<\/div><div class=\"fusion-text fusion-text-3 fusion-text-no-margin\" style=\"--awb-margin-bottom:40px;\"><table style=\"width: 662px;\">\n<tbody>\n<tr>\n<td>Material:<\/td>\n<td>schwarzer Kunststoff mit 18 wei\u00dfen LEDs<\/td>\n<\/tr>\n<tr>\n<td>Abmessung:<\/td>\n<td>200x100x20mm<\/td>\n<\/tr>\n<\/tbody>\n<\/table>\n<\/div><div class=\"fusion-text fusion-text-4\"><p>per <strong>Batterien<\/strong> (3xAA Batterien) oder per externes <strong>Netzteil mit DC Stecker \/ Hohlstecker<\/strong> (230V) betrieben (Ein \/ Aus Schalter)<\/p>\n<p style=\"text-align: center;\"><strong>Batterien sowie Netzteil im Lieferumfang nicht enthalten<\/strong><\/p>\n<\/div><\/div><\/div><\/div><\/div>\n","protected":false},"excerpt":{"rendered":"<p>Glas Kristall Beleuchtung \u00bb LED Leuchtsockel LB-C 200B \u00ab<\/p>\n<p>LED Leuchtsockel aus schwarzen Kunststoff, mit 18 wei\u00dfen LEDs, f\u00fcr eine optimale Ausleuchtung des aufliegenden Glask\u00f6rpers<\/p>\n<p style=\"text-align: center;\"><span style=\"color: #a69c6a;\"> 3D GLAS KRISTALL ACCESSOIRES <\/span><\/p>\n","protected":false},"featured_media":1033,"template":"","meta":[],"product_brand":[],"product_cat":[52,59],"product_tag":[455,607,608,616,445,446],"class_list":{"0":"post-1034","1":"product","2":"type-product","3":"status-publish","4":"has-post-thumbnail","6":"product_cat-zubehoer","7":"product_cat-led-leuchtsockel","8":"product_tag-laser","9":"product_tag-zubehoer","10":"product_tag-led","11":"product_tag-leuchtsockel-lb-200b","12":"product_tag-glas","13":"product_tag-3d","14":"pa_funktion-per-batterien-oder-netzteil-mit-usb-c-ein-aus-schalter","15":"pa_geeignet-fuer-kristallglas-in-unterschiedlichen-groessen-und-formen","16":"pa_masse-200x100x20mm","17":"pa_material-schwarzer-kunststoff-mit-18-weissen-leds","18":"pa_zubehor-batterien-sowie-netzteil-im-lieferumfang-nicht-enthalten","20":"first","21":"instock","22":"taxable","23":"shipping-taxable","24":"purchasable","25":"product-type-simple"},"wcpa_form_fields":null,"_links":{"self":[{"href":"https:\/\/mylaserglass.com\/online\/wp-json\/wp\/v2\/product\/1034","targetHints":{"allow":["GET"]}}],"collection":[{"href":"https:\/\/mylaserglass.com\/online\/wp-json\/wp\/v2\/product"}],"about":[{"href":"https:\/\/mylaserglass.com\/online\/wp-json\/wp\/v2\/types\/product"}],"wp:featuredmedia":[{"embeddable":true,"href":"https:\/\/mylaserglass.com\/online\/wp-json\/wp\/v2\/media\/1033"}],"wp:attachment":[{"href":"https:\/\/mylaserglass.com\/online\/wp-json\/wp\/v2\/media?parent=1034"}],"wp:term":[{"taxonomy":"product_brand","embeddable":true,"href":"https:\/\/mylaserglass.com\/online\/wp-json\/wp\/v2\/product_brand?post=1034"},{"taxonomy":"product_cat","embeddable":true,"href":"https:\/\/mylaserglass.com\/online\/wp-json\/wp\/v2\/product_cat?post=1034"},{"taxonomy":"product_tag","embeddable":true,"href":"https:\/\/mylaserglass.com\/online\/wp-json\/wp\/v2\/product_tag?post=1034"}],"curies":[{"name":"wp","href":"https:\/\/api.w.org\/{rel}","templated":true}]}}