{"id":1038,"date":"2015-10-26T13:28:06","date_gmt":"2015-10-26T12:28:06","guid":{"rendered":"https:\/\/mylaserglass.com\/online\/produkt\/led-leuchtsockel-lb-100n-edelstahl\/"},"modified":"2024-11-18T19:32:12","modified_gmt":"2024-11-18T18:32:12","slug":"led-leuchtsockel-lb-100n-edelstahl","status":"publish","type":"product","link":"https:\/\/mylaserglass.com\/online\/led-leuchtsockel-lb-100n-edelstahl\/","title":{"rendered":"LED Leuchtsockel LB 100N Edelstahl"},"content":{"rendered":"<div class=\"fusion-fullwidth fullwidth-box fusion-builder-row-1 fusion-flex-container nonhundred-percent-fullwidth non-hundred-percent-height-scrolling\" style=\"--awb-border-radius-top-left:0px;--awb-border-radius-top-right:0px;--awb-border-radius-bottom-right:0px;--awb-border-radius-bottom-left:0px;--awb-flex-wrap:wrap;\" ><div class=\"fusion-builder-row fusion-row fusion-flex-align-items-flex-start fusion-flex-content-wrap\" style=\"max-width:1430px;margin-left: calc(-4% \/ 2 );margin-right: calc(-4% \/ 2 );\"><div class=\"fusion-layout-column fusion_builder_column fusion-builder-column-0 fusion_builder_column_1_1 1_1 fusion-flex-column\" style=\"--awb-bg-size:cover;--awb-width-large:100%;--awb-margin-top-large:0px;--awb-spacing-right-large:1.92%;--awb-margin-bottom-large:0px;--awb-spacing-left-large:1.92%;--awb-width-medium:100%;--awb-spacing-right-medium:1.92%;--awb-spacing-left-medium:1.92%;--awb-width-small:100%;--awb-spacing-right-small:1.92%;--awb-spacing-left-small:1.92%;\"><div class=\"fusion-column-wrapper fusion-flex-justify-content-flex-start fusion-content-layout-column\"><div class=\"fusion-text fusion-text-1\" style=\"--awb-text-color:var(--awb-custom_color_1);\"><p>LED Leuchtsockel LB 100N Edelstahl<\/p>\n<p><strong>geeignet f\u00fcr:<\/strong><\/p>\n<\/div><div class=\"fusion-text fusion-text-2 fusion-text-no-margin\" style=\"--awb-margin-bottom:30px;\"><table width=\"471\">\n<tbody>\n<tr>\n<td>Quader STANDARD<\/td>\n<td>R90, R120<span style=\"color: #8271a8;\">*<\/span> Querformat<\/td>\n<\/tr>\n<tr>\n<td>Quader SPEZIAL<\/td>\n<td>R110 Hoch- oder Querformat<\/td>\n<\/tr>\n<tr>\n<td><\/td>\n<td>(* Quader R120 steht \u00fcber)<\/td>\n<\/tr>\n<\/tbody>\n<\/table>\n<\/div><div class=\"fusion-text fusion-text-3 fusion-text-no-margin\" style=\"--awb-margin-bottom:40px;\"><table style=\"width: 662px;\">\n<tbody>\n<tr>\n<td>Material:<\/td>\n<td>Edelstahl geb\u00fcrstet mit 6 wei\u00dfen LEDs\u00a0<strong>(Achtung! geringe Leuchtkraft)<\/strong><\/td>\n<\/tr>\n<tr>\n<td>Abmessung:<\/td>\n<td>100x80x12mm<\/td>\n<\/tr>\n<\/tbody>\n<\/table>\n<\/div><div class=\"fusion-text fusion-text-4\"><p>per Netzteil (230V) betrieben (Ein \/ Aus Schalter)<\/p>\n<p style=\"text-align: center;\"><strong>Netzteil im Lieferumfang enthalten<\/strong><\/p>\n<\/div><\/div><\/div><\/div><\/div>\n","protected":false},"excerpt":{"rendered":"<p>Glas Kristall Beleuchtung \u00bb LED Leuchtsockel LB 100N Edelstahl \u00ab<\/p>\n<p>LED Leuchtsockel aus geb\u00fcrsteten Edelstahl, mit 6 wei\u00dfen LEDs, f\u00fcr eine optimale Ausleuchtung des aufliegenden Glask\u00f6rpers<\/p>\n<p style=\"text-align: center;\"><span style=\"color: #a69c6a;\"> 3D GLAS KRISTALL ACCESSOIRES <\/span><\/p>\n","protected":false},"featured_media":1037,"template":"","meta":[],"product_brand":[],"product_cat":[52,59],"product_tag":[455,607,608,617,619,445,446],"class_list":{"0":"post-1038","1":"product","2":"type-product","3":"status-publish","4":"has-post-thumbnail","6":"product_cat-zubehoer","7":"product_cat-led-leuchtsockel","8":"product_tag-laser","9":"product_tag-zubehoer","10":"product_tag-led","11":"product_tag-edelstahl","12":"product_tag-leuchtsockel-lb-100n","13":"product_tag-glas","14":"product_tag-3d","15":"pa_funktion-per-netzteil-ein-aus-schalter","16":"pa_geeignet-fuer-kristallglas-in-unterschiedlichen-groessen-und-formen","17":"pa_masse-100x80x12mm","18":"pa_material-edelstahl-gebuerstet-mit-6-weissen-leds","19":"pa_zubehor-netzteil-im-lieferumfang-enthalten","21":"first","22":"instock","23":"taxable","24":"shipping-taxable","25":"purchasable","26":"product-type-simple"},"wcpa_form_fields":null,"_links":{"self":[{"href":"https:\/\/mylaserglass.com\/online\/wp-json\/wp\/v2\/product\/1038","targetHints":{"allow":["GET"]}}],"collection":[{"href":"https:\/\/mylaserglass.com\/online\/wp-json\/wp\/v2\/product"}],"about":[{"href":"https:\/\/mylaserglass.com\/online\/wp-json\/wp\/v2\/types\/product"}],"wp:featuredmedia":[{"embeddable":true,"href":"https:\/\/mylaserglass.com\/online\/wp-json\/wp\/v2\/media\/1037"}],"wp:attachment":[{"href":"https:\/\/mylaserglass.com\/online\/wp-json\/wp\/v2\/media?parent=1038"}],"wp:term":[{"taxonomy":"product_brand","embeddable":true,"href":"https:\/\/mylaserglass.com\/online\/wp-json\/wp\/v2\/product_brand?post=1038"},{"taxonomy":"product_cat","embeddable":true,"href":"https:\/\/mylaserglass.com\/online\/wp-json\/wp\/v2\/product_cat?post=1038"},{"taxonomy":"product_tag","embeddable":true,"href":"https:\/\/mylaserglass.com\/online\/wp-json\/wp\/v2\/product_tag?post=1038"}],"curies":[{"name":"wp","href":"https:\/\/api.w.org\/{rel}","templated":true}]}}