{"id":1089,"date":"2023-03-15T20:41:46","date_gmt":"2023-03-15T19:41:46","guid":{"rendered":"https:\/\/mylaserglass.com\/online\/?post_type=product&#038;p=1089"},"modified":"2024-11-18T17:19:37","modified_gmt":"2024-11-18T16:19:37","slug":"kristallglas-pokal-rt-2d-3d-glas","status":"publish","type":"product","link":"https:\/\/mylaserglass.com\/online\/kristallglas-pokal-rt-2d-3d-glas\/","title":{"rendered":"Kristallglas Pokal RT | 2D\/3D Glas"},"content":{"rendered":"<div class=\"fusion-fullwidth fullwidth-box fusion-builder-row-1 fusion-flex-container nonhundred-percent-fullwidth non-hundred-percent-height-scrolling\" style=\"--awb-border-radius-top-left:0px;--awb-border-radius-top-right:0px;--awb-border-radius-bottom-right:0px;--awb-border-radius-bottom-left:0px;--awb-flex-wrap:wrap;\" ><div class=\"fusion-builder-row fusion-row fusion-flex-align-items-flex-start fusion-flex-content-wrap\" style=\"max-width:1430px;margin-left: calc(-4% \/ 2 );margin-right: calc(-4% \/ 2 );\"><div class=\"fusion-layout-column fusion_builder_column fusion-builder-column-0 fusion_builder_column_1_1 1_1 fusion-flex-column\" style=\"--awb-bg-blend:overlay;--awb-bg-size:cover;--awb-width-large:100%;--awb-margin-top-large:0px;--awb-spacing-right-large:1.92%;--awb-margin-bottom-large:0px;--awb-spacing-left-large:1.92%;--awb-width-medium:100%;--awb-spacing-right-medium:1.92%;--awb-spacing-left-medium:1.92%;--awb-width-small:100%;--awb-spacing-right-small:1.92%;--awb-spacing-left-small:1.92%;\"><div class=\"fusion-column-wrapper fusion-flex-justify-content-flex-start fusion-content-layout-column\"><div class=\"fusion-text fusion-text-1\"><p style=\"text-align: center;\">Die Preisangabe bezieht sich nur auf das Kristallglas.<\/p>\n<p style=\"text-align: center;\">Die genauen Produktionskosten k\u00f6nnen wir Ihnen nur auf Anfrage nennen.<\/p>\n<p>Pokal RT (65x120x65mm|65x180x65mm|65x250x65mm)<\/p>\n<p>2D\/3D Laser Glasinnengravur in hochqualitativ optisch reines Kristallglas<br \/>\ngeeignet f\u00fcr eine individuelle Gravur von Illustration, Bild, Foto, Grafik, Text, Logo &amp; Co<\/p>\n<p>Dieser Artikel ist zur Zeit <a href=\"#contact\"><strong><span style=\"text-decoration: underline;\">nur<\/span> auf Anfrage<\/strong><\/a>\u00a0 erh\u00e4ltlich<\/p>\n<p><strong>Bitte beachten<\/strong><br \/>\nIhre Illustration, Bild, Foto, Grafik in digitaler Form, mit den erlaubten Dateierweiterungen .jpg, .jpeg, .gif und .png, sollte optimal belichtet, kontrastreich, hochaufl\u00f6send (min.Bildbreite und -h\u00f6he 400 Pixel, max.Bildbreite und -h\u00f6he 4000 Pixel) und nicht verwackelt sein.<\/p>\n<p>Um Ihr Logo bearbeiten zu k\u00f6nnen ben\u00f6tigen wir eine Vector-Datei (EPS, SVG) als Vorlage.<\/p>\n<p>Der Preis einer Anfertigung (z.B. Logo, Grafik und Text) setzt sich wie folgt zusammen.<\/p>\n<p>&#8211; Preis des Glases (inkl. Gravur und Geschenkbox) zzgl.<\/p>\n<p>&#8211; Grafikerstellung Gestaltung \/ Layout zzgl.<\/p>\n<p>&#8211; Text<\/p>\n<p>(Die Preise versteht sich inkl. MwSt)<\/p>\n<p><strong>Unverbindliche Anfrage<\/strong><br \/>\nSenden Sie uns z.B. Ihr Logo und Text mit Angaben<\/p>\n<p>&#8211; der Glasform \/ Gr\u00f6\u00dfe<\/p>\n<p>&#8211; Schriftart<\/p>\n<p>&#8211; St\u00fcckzahl<\/p>\n<p>Sie erhalten dann ein unverbindliches Angebot von uns.<\/p>\n<p>Wir beraten Sie gern weiter<\/p>\n<p>&#8211; per Telefon<br \/>\n&#8211;\u00a0<a href=\"#contact\"><span style=\"text-decoration: underline;\">E-Mail<\/span><\/a><\/p>\n<p>oder schauen Sie einfach pers\u00f6nlich bei uns, in Berlin im Nikolaiviertel, vorbei.<\/p>\n<p style=\"text-align: center;\">LED Leuchtsockel im Lieferumfang nicht enthalten<\/p>\n<\/div><\/div><\/div><\/div><\/div>\n","protected":false},"excerpt":{"rendered":"<p>Individuelle 2D\/3D Glasinnengravur in Kristallglas<\/p>\n<p>Bei diesem optisch reinen Kristallglas Pokal RT erfolgt die 2D\/3D Gravur nach Ihren pers\u00f6nlichen Wunsch und ist geeignet f\u00fcr eine:<\/p>\n<p>3D Modellierung von einem pers\u00f6nlichen Foto \/ Bild, Logo, Text und anderen Motiven<\/p>\n<p style=\"text-align: center;\"><span style=\"color: #a69c6a;\">EXCLUSIVE FOTOGESCHENKE IN GLAS<\/span><\/p>\n","protected":false},"featured_media":1079,"template":"","meta":[],"product_brand":[],"product_cat":[48,55,80],"product_tag":[445,446,450,628],"class_list":{"0":"post-1089","1":"product","2":"type-product","3":"status-publish","4":"has-post-thumbnail","6":"product_cat-kristallglas","7":"product_cat-3d-kristallglas","8":"product_cat-kristallglas-pokale","9":"product_tag-glas","10":"product_tag-3d","11":"product_tag-logo","12":"product_tag-rt-pokal","13":"pa_bestellung-nur-auf-anfrage-moeglich","14":"pa_geeignet-fuer-eine-2d-3d-glasinnengravur","15":"pa_masse-65x120x65mm-65x180x65mm-65x250x65mm","16":"pa_material-optisch-reines-k9-kristallglas","17":"pa_pokale-65x120x65mm","18":"pa_pokale-65x180x65mm","19":"pa_pokale-65x250x65mm","20":"pa_verpackung-blaue-geschenkbox","21":"pa_zubehor-led-leuchtsockel-im-lieferumfang-nicht-enthalten","23":"first","24":"outofstock","25":"sold-individually","26":"taxable","27":"shipping-taxable","28":"purchasable","29":"product-type-variable","30":"has-default-attributes"},"wcpa_form_fields":null,"_links":{"self":[{"href":"https:\/\/mylaserglass.com\/online\/wp-json\/wp\/v2\/product\/1089","targetHints":{"allow":["GET"]}}],"collection":[{"href":"https:\/\/mylaserglass.com\/online\/wp-json\/wp\/v2\/product"}],"about":[{"href":"https:\/\/mylaserglass.com\/online\/wp-json\/wp\/v2\/types\/product"}],"wp:featuredmedia":[{"embeddable":true,"href":"https:\/\/mylaserglass.com\/online\/wp-json\/wp\/v2\/media\/1079"}],"wp:attachment":[{"href":"https:\/\/mylaserglass.com\/online\/wp-json\/wp\/v2\/media?parent=1089"}],"wp:term":[{"taxonomy":"product_brand","embeddable":true,"href":"https:\/\/mylaserglass.com\/online\/wp-json\/wp\/v2\/product_brand?post=1089"},{"taxonomy":"product_cat","embeddable":true,"href":"https:\/\/mylaserglass.com\/online\/wp-json\/wp\/v2\/product_cat?post=1089"},{"taxonomy":"product_tag","embeddable":true,"href":"https:\/\/mylaserglass.com\/online\/wp-json\/wp\/v2\/product_tag?post=1089"}],"curies":[{"name":"wp","href":"https:\/\/api.w.org\/{rel}","templated":true}]}}