{"id":1659,"date":"2016-01-27T12:59:18","date_gmt":"2016-01-27T11:59:18","guid":{"rendered":"https:\/\/mylaserglass.com\/online\/produkt\/led-leuchtsockel-lb-210n-mdf\/"},"modified":"2024-12-16T11:31:09","modified_gmt":"2024-12-16T10:31:09","slug":"led-leuchtsockel-lb-c-210-mdf","status":"publish","type":"product","link":"https:\/\/mylaserglass.com\/online\/led-leuchtsockel-lb-c-210-mdf\/","title":{"rendered":"LED Leuchtsockel LB-C 210 MDF"},"content":{"rendered":"<div class=\"fusion-fullwidth fullwidth-box fusion-builder-row-1 fusion-flex-container nonhundred-percent-fullwidth non-hundred-percent-height-scrolling\" style=\"--awb-border-radius-top-left:0px;--awb-border-radius-top-right:0px;--awb-border-radius-bottom-right:0px;--awb-border-radius-bottom-left:0px;--awb-flex-wrap:wrap;\" ><div class=\"fusion-builder-row fusion-row fusion-flex-align-items-flex-start fusion-flex-content-wrap\" style=\"max-width:1430px;margin-left: calc(-4% \/ 2 );margin-right: calc(-4% \/ 2 );\"><div class=\"fusion-layout-column fusion_builder_column fusion-builder-column-0 fusion_builder_column_1_1 1_1 fusion-flex-column\" style=\"--awb-bg-size:cover;--awb-width-large:100%;--awb-margin-top-large:0px;--awb-spacing-right-large:1.92%;--awb-margin-bottom-large:0px;--awb-spacing-left-large:1.92%;--awb-width-medium:100%;--awb-spacing-right-medium:1.92%;--awb-spacing-left-medium:1.92%;--awb-width-small:100%;--awb-spacing-right-small:1.92%;--awb-spacing-left-small:1.92%;\"><div class=\"fusion-column-wrapper fusion-flex-justify-content-flex-start fusion-content-layout-column\"><div class=\"fusion-text fusion-text-1\" style=\"--awb-text-color:var(--awb-custom_color_1);\"><p>LED Leuchtsockel LB-C 210 MDF (beschichtet)<\/p>\n<p><strong>geeignet f\u00fcr:<\/strong><\/p>\n<\/div><div class=\"fusion-text fusion-text-2 fusion-text-no-margin\" style=\"--awb-margin-bottom:30px;\"><table width=\"471\">\n<tbody>\n<tr>\n<td>Quader SPEZIAL<\/td>\n<td>R150 Querformat<\/td>\n<\/tr>\n<tr>\n<td>Quader BIG<\/td>\n<td style=\"text-align: left;\">R130B, R200 Querformat<\/td>\n<\/tr>\n<tr>\n<td><\/td>\n<td style=\"text-align: left;\">R180 Hoch- oder Querformat<\/td>\n<\/tr>\n<tr>\n<td>Flachglas selbststehend<\/td>\n<td style=\"text-align: left;\">RT180 Hoch- oder Querformat<\/td>\n<\/tr>\n<tr>\n<td><\/td>\n<td>Prisma P180 Querformat<\/td>\n<\/tr>\n<\/tbody>\n<\/table>\n<\/div><div class=\"fusion-text fusion-text-3 fusion-text-no-margin\" style=\"--awb-margin-bottom:40px;\"><table style=\"width: 662px;\">\n<tbody>\n<tr>\n<td>Material:<\/td>\n<td>MDF (beschichtet) mit 36 wei\u00dfen LEDs<\/td>\n<\/tr>\n<tr>\n<td>Abmessung:<\/td>\n<td>210x110x20mm<\/td>\n<\/tr>\n<\/tbody>\n<\/table>\n<\/div><div class=\"fusion-text fusion-text-4\"><p>per externes <strong>Netzteil mit DC Stecker \/ Hohlstecker<\/strong> (230V) betrieben (ohne Ein \/ Aus Schalter)<\/p>\n<p style=\"text-align: center;\"><strong>Netzteil im Lieferumfang enthalten<\/strong><\/p>\n<\/div><\/div><\/div><\/div><\/div>\n","protected":false},"excerpt":{"rendered":"<p>Glas Kristall Beleuchtung \u00bb LED Leuchtsockel LB-C 210 MDF \u00ab<\/p>\n<p>LED Leuchtsockel aus beschichteten MDF, mit 36 wei\u00dfen LEDs, f\u00fcr eine optimale Ausleuchtung des aufliegenden Glask\u00f6rpers<\/p>\n<p style=\"text-align: center;\"><span style=\"color: #a69c6a;\"> 3D GLAS KRISTALL ACCESSOIRES <\/span><\/p>\n","protected":false},"featured_media":1657,"template":"","meta":[],"product_brand":[],"product_cat":[52,59],"product_tag":[446,455,607,608,699,700,445],"class_list":{"0":"post-1659","1":"product","2":"type-product","3":"status-publish","4":"has-post-thumbnail","6":"product_cat-zubehoer","7":"product_cat-led-leuchtsockel","8":"product_tag-3d","9":"product_tag-laser","10":"product_tag-zubehoer","11":"product_tag-led","12":"product_tag-leuchtsockel-lb-210n","13":"product_tag-mdf","14":"product_tag-glas","15":"pa_funktion-per-netzteil-ohne-ein-aus-schalter","16":"pa_geeignet-fuer-kristallglas-in-unterschiedlichen-groessen-und-formen","17":"pa_masse-210x110x20mm","18":"pa_material-mdf-beschichte-mit-36-weissen-leds","19":"pa_zubehor-netzteil-im-lieferumfang-enthalten","21":"first","22":"outofstock","23":"taxable","24":"shipping-taxable","25":"purchasable","26":"product-type-simple"},"wcpa_form_fields":null,"_links":{"self":[{"href":"https:\/\/mylaserglass.com\/online\/wp-json\/wp\/v2\/product\/1659","targetHints":{"allow":["GET"]}}],"collection":[{"href":"https:\/\/mylaserglass.com\/online\/wp-json\/wp\/v2\/product"}],"about":[{"href":"https:\/\/mylaserglass.com\/online\/wp-json\/wp\/v2\/types\/product"}],"wp:featuredmedia":[{"embeddable":true,"href":"https:\/\/mylaserglass.com\/online\/wp-json\/wp\/v2\/media\/1657"}],"wp:attachment":[{"href":"https:\/\/mylaserglass.com\/online\/wp-json\/wp\/v2\/media?parent=1659"}],"wp:term":[{"taxonomy":"product_brand","embeddable":true,"href":"https:\/\/mylaserglass.com\/online\/wp-json\/wp\/v2\/product_brand?post=1659"},{"taxonomy":"product_cat","embeddable":true,"href":"https:\/\/mylaserglass.com\/online\/wp-json\/wp\/v2\/product_cat?post=1659"},{"taxonomy":"product_tag","embeddable":true,"href":"https:\/\/mylaserglass.com\/online\/wp-json\/wp\/v2\/product_tag?post=1659"}],"curies":[{"name":"wp","href":"https:\/\/api.w.org\/{rel}","templated":true}]}}