{"id":1664,"date":"2016-01-30T13:53:24","date_gmt":"2016-01-30T12:53:24","guid":{"rendered":"https:\/\/mylaserglass.com\/online\/produkt\/dog-tag-anhaenger-2d-laser-gravur-in-glas\/"},"modified":"2024-12-13T20:11:59","modified_gmt":"2024-12-13T19:11:59","slug":"dog-tag-anhaenger-2d-glas","status":"publish","type":"product","link":"https:\/\/mylaserglass.com\/online\/dog-tag-anhaenger-2d-glas\/","title":{"rendered":"Dog Tag Anh\u00e4nger | 2D Glas"},"content":{"rendered":"<div class=\"fusion-fullwidth fullwidth-box fusion-builder-row-1 fusion-flex-container nonhundred-percent-fullwidth non-hundred-percent-height-scrolling\" style=\"--awb-border-radius-top-left:0px;--awb-border-radius-top-right:0px;--awb-border-radius-bottom-right:0px;--awb-border-radius-bottom-left:0px;--awb-flex-wrap:wrap;\" ><div class=\"fusion-builder-row fusion-row fusion-flex-align-items-flex-start fusion-flex-content-wrap\" style=\"max-width:1430px;margin-left: calc(-4% \/ 2 );margin-right: calc(-4% \/ 2 );\"><div class=\"fusion-layout-column fusion_builder_column fusion-builder-column-0 fusion_builder_column_1_1 1_1 fusion-flex-column\" style=\"--awb-bg-blend:overlay;--awb-bg-size:cover;--awb-width-large:100%;--awb-margin-top-large:0px;--awb-spacing-right-large:1.92%;--awb-margin-bottom-large:0px;--awb-spacing-left-large:1.92%;--awb-width-medium:100%;--awb-spacing-right-medium:1.92%;--awb-spacing-left-medium:1.92%;--awb-width-small:100%;--awb-spacing-right-small:1.92%;--awb-spacing-left-small:1.92%;\"><div class=\"fusion-column-wrapper fusion-flex-justify-content-flex-start fusion-content-layout-column\"><div class=\"fusion-text fusion-text-1\"><p>Anh\u00e4nger Dog Tag (50x28x5mm)<br \/>\nKettenl\u00e4nge ca. 60cm<\/p>\n<p>2D Laser Glasinnengravur in hochqualitativ reines Flachglas (<span class=\"ILfuVd\" lang=\"de\"><span class=\"hgKElc\">Wei\u00dfglas<\/span><\/span>)<br \/>\ngeeignet f\u00fcr eine individuelle Gravur von Illustration, Bild, Foto, Grafik, Text, Logo &amp; Co<\/p>\n<p>Die Bearbeitung f\u00fcr eine Hintergrundentfernung erfolgt innerhalb von 24 Stunden. Die Kosten daf\u00fcr sind nur einmalig zu entrichten.<\/p>\n<p><b>Bitte beachten<br \/>\n<\/b>Ihr Foto in digitaler Form, mit den erlaubten Dateierweiterungen .jpg, .jpeg, .gif und .png, sollte optimal belichtet, kontrastreich, hochaufl\u00f6send (min.Bildbreite und -h\u00f6he 400 Pixel, max.Bildbreite und -h\u00f6he 4000 Pixel) und nicht verwackelt sein..<br \/>\nAchtung! Maximale Dateigr\u00f6\u00dfe: 4MB<\/p>\n<p><strong>Bestellvorgang<\/strong><br \/>\nSollten Sie uns vorab Ihr Foto \/ Bild zur Ansicht gesendet haben so m\u00fcssen Sie dieses auch in Ihrer Bestellung als Anhang erneut hochladen.<\/p>\n<p><strong>Service Hintergrund<\/strong><br \/>\nhier geben Sie an, ob der Bildhintergrund entfernt werden soll<br \/>\n(nur das gew\u00fcnschte Motiv wird ins Glas graviert)<\/p>\n<p><strong>Service Text Gravur<\/strong><br \/>\nhier geben Sie an, ob ein Name\/n mit ins Glas graviert werden soll<br \/>\n(die angebotenen Schriftarten finden Sie, als Schriftmuster, unter Service Text Gravur)<\/p>\n<p>Gravur von Logo und anderen Motiven nur auf Anfrage<\/p>\n<p style=\"text-align: center;\">Kette im Lieferumfang enthalten<\/p>\n<\/div><\/div><\/div><\/div><\/div>\n","protected":false},"excerpt":{"rendered":"<p>Individuelle 2D Glasinnengravur in reines Flachglas<\/p>\n<p>Bei diesem Flachglas Dog Tag Anh\u00e4nger, mit Kette, erfolgt die 2D Gravur nach Ihren pers\u00f6nlichen Wunsch und ist geeignet f\u00fcr ein:<\/p>\n<p>pers\u00f6nliches Foto \/ Bild, Logo, Text und andere Motiven<\/p>\n<p style=\"text-align: center;\"><span style=\"color: #a69c6a;\">EXCLUSIVE FOTOGESCHENKE IN GLAS<\/span><\/p>\n","protected":false},"featured_media":1660,"template":"","meta":[],"product_brand":[],"product_cat":[48,64,78],"product_tag":[449,450,452,455,701,445,447,448],"class_list":{"0":"post-1664","1":"product","2":"type-product","3":"status-publish","4":"has-post-thumbnail","6":"product_cat-kristallglas","7":"product_cat-2d-kristallglas","8":"product_cat-2d-kristallglas-anhaenger","9":"product_tag-geschenk","10":"product_tag-logo","11":"product_tag-2d","12":"product_tag-laser","13":"product_tag-dog-tag-anhaenger","14":"product_tag-glas","15":"product_tag-foto","16":"product_tag-bild","17":"pa_geeignet-fuer-eine-2d-glasinnengravur","18":"pa_masse-50x28x5mm","19":"pa_material-reines-flachglas","20":"pa_verpackung-weisse-geschenkbox","21":"pa_zubehor-inkl-kette","23":"first","24":"instock","25":"sold-individually","26":"taxable","27":"shipping-taxable","28":"purchasable","29":"product-type-simple"},"wcpa_form_fields":null,"_links":{"self":[{"href":"https:\/\/mylaserglass.com\/online\/wp-json\/wp\/v2\/product\/1664","targetHints":{"allow":["GET"]}}],"collection":[{"href":"https:\/\/mylaserglass.com\/online\/wp-json\/wp\/v2\/product"}],"about":[{"href":"https:\/\/mylaserglass.com\/online\/wp-json\/wp\/v2\/types\/product"}],"wp:featuredmedia":[{"embeddable":true,"href":"https:\/\/mylaserglass.com\/online\/wp-json\/wp\/v2\/media\/1660"}],"wp:attachment":[{"href":"https:\/\/mylaserglass.com\/online\/wp-json\/wp\/v2\/media?parent=1664"}],"wp:term":[{"taxonomy":"product_brand","embeddable":true,"href":"https:\/\/mylaserglass.com\/online\/wp-json\/wp\/v2\/product_brand?post=1664"},{"taxonomy":"product_cat","embeddable":true,"href":"https:\/\/mylaserglass.com\/online\/wp-json\/wp\/v2\/product_cat?post=1664"},{"taxonomy":"product_tag","embeddable":true,"href":"https:\/\/mylaserglass.com\/online\/wp-json\/wp\/v2\/product_tag?post=1664"}],"curies":[{"name":"wp","href":"https:\/\/api.w.org\/{rel}","templated":true}]}}