{"id":1779,"date":"2016-07-05T13:54:05","date_gmt":"2016-07-05T11:54:05","guid":{"rendered":"https:\/\/mylaserglass.com\/online\/produkt\/geschenkgutschein-25\/"},"modified":"2025-06-13T14:21:29","modified_gmt":"2025-06-13T12:21:29","slug":"geschenkgutschein-25","status":"publish","type":"product","link":"https:\/\/mylaserglass.com\/online\/geschenkgutschein-25\/","title":{"rendered":"Geschenkgutschein 25 \u20ac"},"content":{"rendered":"<div class=\"fusion-fullwidth fullwidth-box fusion-builder-row-1 fusion-flex-container nonhundred-percent-fullwidth non-hundred-percent-height-scrolling\" style=\"--awb-border-radius-top-left:0px;--awb-border-radius-top-right:0px;--awb-border-radius-bottom-right:0px;--awb-border-radius-bottom-left:0px;--awb-flex-wrap:wrap;\" ><div class=\"fusion-builder-row fusion-row fusion-flex-align-items-flex-start fusion-flex-content-wrap\" style=\"max-width:1430px;margin-left: calc(-4% \/ 2 );margin-right: calc(-4% \/ 2 );\"><div class=\"fusion-layout-column fusion_builder_column fusion-builder-column-0 fusion_builder_column_1_1 1_1 fusion-flex-column\" style=\"--awb-bg-blend:overlay;--awb-bg-size:cover;--awb-width-large:100%;--awb-margin-top-large:0px;--awb-spacing-right-large:1.92%;--awb-margin-bottom-large:0px;--awb-spacing-left-large:1.92%;--awb-width-medium:100%;--awb-spacing-right-medium:1.92%;--awb-spacing-left-medium:1.92%;--awb-width-small:100%;--awb-spacing-right-small:1.92%;--awb-spacing-left-small:1.92%;\"><div class=\"fusion-column-wrapper fusion-flex-justify-content-flex-start fusion-content-layout-column\"><div class=\"fusion-text fusion-text-1\"><p style=\"text-align: center;\">Der <b>Gutschein<\/b> im Wert von <strong>25 EUR<\/strong><\/p>\n<p>ist f\u00fcr unser gesamtes <b>Sortiment <\/b>(ausgenommen \u201eArtikel nur auf Anfrage\u201c)<b>, <\/b>das in unserem Online Shop zum verkauf<b> <\/b>steht, g\u00fcltig und kann innerhalb von <b>drei Jahren <\/b>* eingel\u00f6st werden.<\/p>\n<p>Der \/ die Beschenkte kann bei einer Bestellung in unserem Online Shop diesen Gutschein einl\u00f6sen, der dann direkt bei der Bezahlung mit dem Rechnungsbetrag verrechnet wird.<\/p>\n<p>Der Gutschein Code wird, nach Eingang Ihrer Zahlung, per Email zugesandt. Sie haben die M\u00f6glichkeit diesen elektronisch weiter zu versenden oder auszudrucken und pers\u00f6nlich zu \u00fcberreichen.<\/p>\n<p>Eine Barauszahlung des Gutscheinwertes ist nicht m\u00f6glich. Teilbetr\u00e4ge und Restguthaben werden dem Einl\u00f6senden mit einem neuen Gutschein Code per Email gutgeschrieben. Reicht bei einer Bestellung der Wert des Gutscheines nicht aus, so k\u00f6nnen Sie den Differenzbetrag mit den von uns angebotenen Zahlungsweisen begleichen.<\/p>\n<p>Es kann nur ein Gutschein pro Bestellung eingel\u00f6st werden.<\/p>\n<p><b><strong>Wichtige Hinweise beim Einl\u00f6sen von Gutscheinen <\/strong><\/b><\/p>\n<p>Bitte achten Sie darauf, Ihren Gutschein <b>vor<\/b> Abschluss des Bestellvorgangs einzul\u00f6sen. Im Nachhinein k\u00f6nnen Gutscheine nicht mehr angenommen und gutgeschrieben werden.<\/p>\n<p>* ab Ende des Jahres in dem der Gutschein erworben wurde<\/p>\n<\/div><div class=\"fusion-image-element \" style=\"text-align:center;--awb-margin-top:50PX;--awb-margin-bottom:50PX;--awb-caption-title-font-family:var(--h2_typography-font-family);--awb-caption-title-font-weight:var(--h2_typography-font-weight);--awb-caption-title-font-style:var(--h2_typography-font-style);--awb-caption-title-size:var(--h2_typography-font-size);--awb-caption-title-transform:var(--h2_typography-text-transform);--awb-caption-title-line-height:var(--h2_typography-line-height);--awb-caption-title-letter-spacing:var(--h2_typography-letter-spacing);\"><span class=\" fusion-imageframe imageframe-none imageframe-1 hover-type-none\"><img decoding=\"async\" width=\"1200\" height=\"380\" alt=\"Geschenkgutscheine | My Laser Glass\" title=\"Geschenkgutscheine | My Laser Glass\" src=\"https:\/\/mylaserglass.com\/online\/wp-content\/uploads\/2016\/07\/geschenkgutscheine-my-laser-glass.jpg\" data-orig-src=\"https:\/\/mylaserglass.com\/online\/wp-content\/uploads\/2016\/07\/geschenkgutscheine-my-laser-glass.jpg\" class=\"lazyload img-responsive wp-image-26\" srcset=\"data:image\/svg+xml,%3Csvg%20xmlns%3D%27http%3A%2F%2Fwww.w3.org%2F2000%2Fsvg%27%20width%3D%271200%27%20height%3D%27380%27%20viewBox%3D%270%200%201200%20380%27%3E%3Crect%20width%3D%271200%27%20height%3D%27380%27%20fill-opacity%3D%220%22%2F%3E%3C%2Fsvg%3E\" data-srcset=\"https:\/\/mylaserglass.com\/online\/wp-content\/uploads\/2016\/07\/geschenkgutscheine-my-laser-glass-200x63.jpg 200w, https:\/\/mylaserglass.com\/online\/wp-content\/uploads\/2016\/07\/geschenkgutscheine-my-laser-glass-400x127.jpg 400w, https:\/\/mylaserglass.com\/online\/wp-content\/uploads\/2016\/07\/geschenkgutscheine-my-laser-glass-600x190.jpg 600w, https:\/\/mylaserglass.com\/online\/wp-content\/uploads\/2016\/07\/geschenkgutscheine-my-laser-glass-800x253.jpg 800w, https:\/\/mylaserglass.com\/online\/wp-content\/uploads\/2016\/07\/geschenkgutscheine-my-laser-glass.jpg 1200w\" data-sizes=\"auto\" data-orig-sizes=\"(max-width: 880px) 100vw, 1200px\" \/><\/span><\/div><\/div><\/div><\/div><\/div>\n","protected":false},"excerpt":{"rendered":"<p>Alle Jahre wieder und der Geburtstag, Muttertag, Valentinstag oder sogar der Hochzeitstag steht an. Die Zeit r\u00fcckt immer n\u00e4her und Sie wissen nicht, was Sie schenken sollen?<\/p>\n<p>Mit einem Gutschein von My Laser Glass haben Sie das passende Geschenk f\u00fcr jeden\u00a0 Anlass<\/p>\n","protected":false},"featured_media":1776,"template":"","meta":[],"product_brand":[],"product_cat":[53],"product_tag":[],"class_list":{"0":"post-1779","1":"product","2":"type-product","3":"status-publish","4":"has-post-thumbnail","6":"product_cat-gutschein","8":"first","9":"outofstock","10":"virtual","11":"taxable","12":"purchasable","13":"product-type-simple"},"wcpa_form_fields":null,"_links":{"self":[{"href":"https:\/\/mylaserglass.com\/online\/wp-json\/wp\/v2\/product\/1779","targetHints":{"allow":["GET"]}}],"collection":[{"href":"https:\/\/mylaserglass.com\/online\/wp-json\/wp\/v2\/product"}],"about":[{"href":"https:\/\/mylaserglass.com\/online\/wp-json\/wp\/v2\/types\/product"}],"wp:featuredmedia":[{"embeddable":true,"href":"https:\/\/mylaserglass.com\/online\/wp-json\/wp\/v2\/media\/1776"}],"wp:attachment":[{"href":"https:\/\/mylaserglass.com\/online\/wp-json\/wp\/v2\/media?parent=1779"}],"wp:term":[{"taxonomy":"product_brand","embeddable":true,"href":"https:\/\/mylaserglass.com\/online\/wp-json\/wp\/v2\/product_brand?post=1779"},{"taxonomy":"product_cat","embeddable":true,"href":"https:\/\/mylaserglass.com\/online\/wp-json\/wp\/v2\/product_cat?post=1779"},{"taxonomy":"product_tag","embeddable":true,"href":"https:\/\/mylaserglass.com\/online\/wp-json\/wp\/v2\/product_tag?post=1779"}],"curies":[{"name":"wp","href":"https:\/\/api.w.org\/{rel}","templated":true}]}}