{"id":1924,"date":"2017-08-04T18:10:26","date_gmt":"2017-08-04T16:10:26","guid":{"rendered":"https:\/\/mylaserglass.com\/online\/produkt\/harfe-3d-kristallglas-motive\/"},"modified":"2024-12-09T15:01:06","modified_gmt":"2024-12-09T14:01:06","slug":"harfe-3d-motiv","status":"publish","type":"product","link":"https:\/\/mylaserglass.com\/online\/harfe-3d-motiv\/","title":{"rendered":"Harfe | 3D Motiv"},"content":{"rendered":"<p style=\"text-align: center;\">Auf Wunsch auch mit Ihrem Namen<\/p>\n<p>Das von unseren 3D Designern, bis aufs kleinste Detail, aufw\u00e4ndig modellierte und in Szene gesetzte dreidimensionale Motiv, Harfe, erstrahlt hochaufl\u00f6send in optisch reinen Kristallglas.<\/p>\n<p>Der Glasblock inkl. Geschenkbox ist massives Kristallglas, das seine Brillanz nie verliert.<\/p>\n<p>Jede einzelne Anfertigung, einer qualitativ hochwertigen 3D Laser Gravur in Kristallglas, erfolgt direkt von uns vor Ort und ist ein einzigartiges Unikat.<\/p>\n<p>Bestellvorgang mit Ihren Text<\/p>\n<p><strong>Service Text Gravur<\/strong><br \/>\nhier geben Sie an, ob ein Name \/ Geburtsdatum mit ins Glas graviert werden soll<\/p>\n<p>LED Leuchtsockel im Lieferumfang nicht enthalten<\/p>\n<p style=\"text-align: center;\">Gravur von Logo, Text und anderen Motiven nur auf Anfrage<\/p>\n","protected":false},"excerpt":{"rendered":"<p>3D Glaskristall Motiv \u00bb Harfe \u00ab<\/p>\n<p>Hochwertig, optisch reiner Glas Kristall Quader mit einer aufw\u00e4ndigen &amp; detailgetreuen 3D Laser Glasinnengravur, in unterschiedlichen\u00a0Gr\u00f6\u00dfen, inkl. Geschenkbox.<\/p>\n<p style=\"text-align: center;\"><span style=\"color: #a69c6a;\"> EXCLUSIVE 3D GLAS GRAVUR GESCHENKIDEEN <\/span><\/p>\n","protected":false},"featured_media":1920,"template":"","meta":[],"product_brand":[],"product_cat":[49,56,95],"product_tag":[751,445,446,449,455,456],"class_list":{"0":"post-1924","1":"product","2":"type-product","3":"status-publish","4":"has-post-thumbnail","6":"product_cat-3d-motive","7":"product_cat-motive-kategorien","8":"product_cat-musikinstrumente","9":"product_tag-harfe","10":"product_tag-glas","11":"product_tag-3d","12":"product_tag-geschenk","13":"product_tag-laser","14":"product_tag-motiv","15":"pa_masse-50x80x50mm-60x90x60mm-weitere-glasgroessen-nur-auf-anfrage","16":"pa_material-optisch-reines-k9-kristallglas","17":"pa_sizerh-r80-50x80x50mm","18":"pa_sizerh-r90-60x90x60mm","19":"pa_verfugbarkeit-in-unterschiedlichen-glasgroessen","20":"pa_verpackung-schwarze-geschenkbox","21":"pa_zubehor-led-leuchtsockel-im-lieferumfang-nicht-enthalten","22":"wcpa_has_options","24":"first","25":"instock","26":"sold-individually","27":"taxable","28":"shipping-taxable","29":"purchasable","30":"product-type-variable"},"wcpa_form_fields":{"wcpaData":{"product":{"product_price":59,"price_html":"ab <span class=\"woocommerce-Price-amount amount\"><bdi>59,00&nbsp;<span class=\"woocommerce-Price-currencySymbol\">&euro;<\/span><\/bdi><\/span>","original_product_price":59,"price_including_tax":59,"price_excluding_tax":49.579831999999996,"product_id":{"parent":1924,"variation":false},"is_variable":true,"stock_status":"instock","stock_quantity":null,"parent_sku":"","product_attributes":{"pa_verfugbarkeit":{"is_variation":false,"values":["in-unterschiedlichen-glasgroessen"]},"pa_masse":{"is_variation":false,"values":["50x80x50mm-60x90x60mm-weitere-glasgroessen-nur-auf-anfrage"]},"pa_sizerh":{"is_variation":true,"values":[]},"pa_material":{"is_variation":false,"values":["optisch-reines-k9-kristallglas"]},"pa_verpackung":{"is_variation":false,"values":["schwarze-geschenkbox"]},"pa_zubehor":{"is_variation":false,"values":["led-leuchtsockel-im-lieferumfang-nicht-enthalten"]}},"custom_fields":[],"is_taxable":true,"product_name":"Harfe | 3D Motiv","hasImage":false},"fields":{"sec_064df89eabcd82":{"extra":{"key":"sec_064df89eabcd82","section_id":"sec_064df89eabcd82","name":"","status":1,"cl_rule":"show","enableCl":false,"relations":[],"toggle":true,"title_tag":"h3","show_title":false,"showPrice":"default","layout_option":"standard","accordionOpen":false,"form_id":24632,"form_rules":{"exclude_from_discount":false,"fee_label":"Glasgr\u00f6\u00dfe -\/+:","disp_hide_options_price":false,"disp_show_section_price":false,"disp_show_field_price":true,"layout_option":"standard","pric_use_as_fee":false,"process_fee_as":"woo_fee"}},"fields":[[{"active":true,"col":6,"relations":false,"cl_rule":"show","enableCl":false,"price":"","enablePrice":false,"className":"","label_position":"default","desc_position":"default","type":"header","required":false,"elementId":"header_864df89eabcdae","label":"GLAS INDIVIDUELL GESTALTEN","subtype":"h3","error":false,"enableDesign":true,"LabelColor":"#427ed1","LabelSize":"20","gt_translate_keys":["label"],"price_dependency":false,"cl_dependency":false,"value":""}],[{"active":true,"col":6,"relations":false,"cl_rule":"show","enableCl":false,"price":"","enablePrice":false,"className":"","label_position":"default","desc_position":"default","type":"separator","required":false,"elementId":"separator_964df89eabcdb7","label":"Separator Field","height":"5","separatorType":"blank","error":false,"gt_translate_keys":["label"],"price_dependency":false,"cl_dependency":false,"value":""}],[{"active":true,"col":6,"relations":false,"cl_rule":"show","enableCl":false,"price":"","enablePrice":true,"className":"","label_position":"default","desc_position":"default","type":"select","required":true,"elementId":"select_164df89eabcdbd","label":"SERVICE | TEXT","name":"select_164df89eabcdbd","values":[{"label":"Kein Text | Service","value":"Option - 1","selected":false,"tempId":"aco_2959","price":"0","gt_translate_keys":["label"]},{"label":"Mit Text | Service","value":"Option - 2","selected":false,"tempId":"aco_2960","price":"10","gt_translate_keys":["label"]}],"dropdown_type":"basic","error":false,"description":"Hier w\u00e4hlen Sie den gew\u00fcnschten SERVICE f\u00fcr Ihre personalisierte Glasgravur aus<br \/>\nINFO!: Der ggf. vorhandene TEXT im GLAS wird bei der Auswahl: (Mit Text | Service) mit Ihrem TEXT ersetzt","placeholder":"Serviceauswahl","priceOptions":"different_for_all","pricingType":"fixed","use_as_fee":false,"gt_translate_keys":["label","placeholder","description"],"price_dependency":false,"cl_dependency":["separator_564df89eabcdc3","text_664df89eabcdc8"],"value":""}],[{"elementId":"separator_564df89eabcdc3","separatorType":"blank","className":"","height":"10","enableCl":true,"relations":[{"operator":false,"rules":[{"operator":"AND","rules":{"cl_field":"select_164df89eabcdbd","cl_relation":"is","cl_val":"Option - 2"}}]}],"cl_rule":"show","col":6,"type":"separator","error":false,"gt_translate_keys":[],"price_dependency":false,"cl_dependency":false,"value":""}],[{"active":true,"col":6,"relations":[{"operator":false,"rules":[{"operator":"AND","rules":{"cl_field":"select_164df89eabcdbd","cl_relation":"is","cl_val":"Option - 2"}}]}],"cl_rule":"show","enableCl":true,"price":"","enablePrice":false,"className":"","label_position":"default","desc_position":"default","type":"text","subtype":"text","required":true,"elementId":"text_664df89eabcdc8","label":"SERVICE TEXT | GRAVUR","name":"text_664df89eabcdc8","value":"","error":false,"description":"Hier geben Sie Ihren TEXT ein<br \/>\nIhnen stehen je nach Glas mehrere Zeilen (+ ZEILE HINZUF\u00dcGEN) zur Verf\u00fcgung","tooltip":"INFO!<br \/>\nTEXTL\u00c4NGE sollte zur GLASGR\u00d6\u00dfE \/ FORMAT passen","placeholder":"z.B. Datum oder Name","repeater":true,"repeater_field_label":"","repeater_bind":"","repeater_max":"1","hideFieldIn_cart":false,"pricingType":"fixed","isTemplate":false,"mapToCheckout":false,"gt_translate_keys":["label","placeholder","description","value","tooltip","repeater_field_label"],"price_dependency":false,"cl_dependency":false}],[{"elementId":"separator_264df89eabcdce","separatorType":"blank","className":"","height":"10","enableCl":false,"relations":false,"cl_rule":"show","col":6,"type":"separator","gt_translate_keys":[],"price_dependency":false,"cl_dependency":false,"value":""}],[{"active":true,"col":6,"relations":false,"cl_rule":"show","enableCl":false,"price":"","enablePrice":false,"className":"","label_position":"default","desc_position":"default","type":"content","required":false,"elementId":"content_764df89eabcdd3","label":"","name":"content_764df89eabcdd3","contentType":"plain","value":"<p style=\"text-align:center;\">Gravur von Vektorgrafik & spezielle 2D \/ 3D Formate nur auf Anfrage<\/p>","error":false,"inline":false,"enableDesign":true,"LabelColor":"","LabelSize":"","DescColor":"#dfc38b","DescSize":"16","gt_translate_keys":["label","value"],"price_dependency":false,"cl_dependency":false}]]}},"config":{"price_override":"","enable_recaptcha":false,"bind_quantity":false,"quantity_bind_formula":false,"disp_summ_show_option_price":false,"disp_summ_show_product_price":true,"disp_summ_show_total_price":true,"disp_summ_show_fee":true,"disp_summ_show_discount":true,"summary_title":"Gesamtpreis f\u00fcr das individuelle Kristallglas","options_total_label":"Servicepreis:","total_label":"Gesamtpreis:","options_product_label":"Produktpreis:","fee_label":"Glasgr\u00f6\u00dfe -\/+:","discount_label":"Rabatt","has_price":true,"has_quantity_formula":false},"mc_unit":1,"tax_rate":1,"tax_rate_real":0.19,"discount":{"percentage":0,"fixed":0},"design":{"conf":{"LabelPosition":"above","DescPosition":"above","UploadField":"custom_1","QuantityFieldStyle":"default"},"css":{"LeftLabelWidth":"120px"}},"formulas":[],"clones":false,"cartKey":false}},"_links":{"self":[{"href":"https:\/\/mylaserglass.com\/online\/wp-json\/wp\/v2\/product\/1924","targetHints":{"allow":["GET"]}}],"collection":[{"href":"https:\/\/mylaserglass.com\/online\/wp-json\/wp\/v2\/product"}],"about":[{"href":"https:\/\/mylaserglass.com\/online\/wp-json\/wp\/v2\/types\/product"}],"wp:featuredmedia":[{"embeddable":true,"href":"https:\/\/mylaserglass.com\/online\/wp-json\/wp\/v2\/media\/1920"}],"wp:attachment":[{"href":"https:\/\/mylaserglass.com\/online\/wp-json\/wp\/v2\/media?parent=1924"}],"wp:term":[{"taxonomy":"product_brand","embeddable":true,"href":"https:\/\/mylaserglass.com\/online\/wp-json\/wp\/v2\/product_brand?post=1924"},{"taxonomy":"product_cat","embeddable":true,"href":"https:\/\/mylaserglass.com\/online\/wp-json\/wp\/v2\/product_cat?post=1924"},{"taxonomy":"product_tag","embeddable":true,"href":"https:\/\/mylaserglass.com\/online\/wp-json\/wp\/v2\/product_tag?post=1924"}],"curies":[{"name":"wp","href":"https:\/\/api.w.org\/{rel}","templated":true}]}}