{"id":1974,"date":"2018-06-28T15:37:33","date_gmt":"2018-06-28T13:37:33","guid":{"rendered":"https:\/\/mylaserglass.com\/online\/produkt\/sehenswuerdigkeiten-berlin-3d-kristallglas-motive\/"},"modified":"2024-12-09T14:30:00","modified_gmt":"2024-12-09T13:30:00","slug":"sehenswuerdigkeiten-berlin-3d-motiv","status":"publish","type":"product","link":"https:\/\/mylaserglass.com\/online\/sehenswuerdigkeiten-berlin-3d-motiv\/","title":{"rendered":"Sehensw\u00fcrdigkeiten Berlin | 3D Motiv"},"content":{"rendered":"<div class=\"fusion-fullwidth fullwidth-box fusion-builder-row-1 fusion-flex-container nonhundred-percent-fullwidth non-hundred-percent-height-scrolling\" style=\"--awb-border-radius-top-left:0px;--awb-border-radius-top-right:0px;--awb-border-radius-bottom-right:0px;--awb-border-radius-bottom-left:0px;--awb-flex-wrap:wrap;\" ><div class=\"fusion-builder-row fusion-row fusion-flex-align-items-flex-start fusion-flex-content-wrap\" style=\"max-width:1430px;margin-left: calc(-4% \/ 2 );margin-right: calc(-4% \/ 2 );\"><div class=\"fusion-layout-column fusion_builder_column fusion-builder-column-0 fusion_builder_column_1_1 1_1 fusion-flex-column\" style=\"--awb-bg-blend:overlay;--awb-bg-size:cover;--awb-width-large:100%;--awb-margin-top-large:0px;--awb-spacing-right-large:1.92%;--awb-margin-bottom-large:0px;--awb-spacing-left-large:1.92%;--awb-width-medium:100%;--awb-spacing-right-medium:1.92%;--awb-spacing-left-medium:1.92%;--awb-width-small:100%;--awb-spacing-right-small:1.92%;--awb-spacing-left-small:1.92%;\"><div class=\"fusion-column-wrapper fusion-flex-justify-content-flex-start fusion-content-layout-column\"><div class=\"fusion-text fusion-text-1\"><p>Das von unseren\u00a03D Designern, bis aufs kleinste Detail,\u00a0aufw\u00e4ndig\u00a0modellierte und in Szene gesetzte dreidimensionale Motiv, Sehensw\u00fcrdigkeiten Berlin (Fernsehturm, Siegess\u00e4ule, Brandenburger Tor, Ged\u00e4chtniskirche, Berliner Dom und Funkturm), erstrahlt hochaufl\u00f6send in optisch reinen Kristallglas.<\/p>\n<p>Der Glasblock inkl. Geschenkbox ist\u00a0massives\u00a0Kristallglas, das seine\u00a0Brillanz\u00a0nie verliert.<\/p>\n<p>Jede einzelne Anfertigung, einer\u00a0qualitativ hochwertigen\u00a03D Laser Gravur in Kristallglas, erfolgt direkt von uns vor Ort und ist ein einzigartiges Unikat.<\/p>\n<p style=\"text-align: left;\">LED Leuchtsockel im Lieferumfang nicht enthalten<\/p>\n<p style=\"text-align: center;\">Gravur von Logo, Text und anderen Motiven nur auf Anfrage<\/p>\n<\/div><div class=\"fusion-image-element \" style=\"text-align:center;--awb-margin-top:50PX;--awb-margin-bottom:50PX;--awb-caption-title-font-family:var(--h2_typography-font-family);--awb-caption-title-font-weight:var(--h2_typography-font-weight);--awb-caption-title-font-style:var(--h2_typography-font-style);--awb-caption-title-size:var(--h2_typography-font-size);--awb-caption-title-transform:var(--h2_typography-text-transform);--awb-caption-title-line-height:var(--h2_typography-line-height);--awb-caption-title-letter-spacing:var(--h2_typography-letter-spacing);\"><span class=\" fusion-imageframe imageframe-none imageframe-1 hover-type-none mlg-image\"><img decoding=\"async\" width=\"1200\" height=\"380\" alt=\"Berlin &gt;Brandenburger Tor&lt; \/ Sehensw\u00fcrdigkeiten | 3D Motiv Glasinnengravur\" title=\"Berlin &gt;Brandenburger Tor&lt; \/ Sehensw\u00fcrdigkeiten | 3D Motiv Glasinnengravur\" src=\"https:\/\/mylaserglass.com\/online\/wp-content\/uploads\/2023\/02\/berlin-brandenburger-tor-sehenswuerdigkeit-3d-motiv-glasinnengravur.jpg\" data-orig-src=\"https:\/\/mylaserglass.com\/online\/wp-content\/uploads\/2023\/02\/berlin-brandenburger-tor-sehenswuerdigkeit-3d-motiv-glasinnengravur.jpg\" class=\"lazyload img-responsive wp-image-20474\" srcset=\"data:image\/svg+xml,%3Csvg%20xmlns%3D%27http%3A%2F%2Fwww.w3.org%2F2000%2Fsvg%27%20width%3D%271200%27%20height%3D%27380%27%20viewBox%3D%270%200%201200%20380%27%3E%3Crect%20width%3D%271200%27%20height%3D%27380%27%20fill-opacity%3D%220%22%2F%3E%3C%2Fsvg%3E\" data-srcset=\"https:\/\/mylaserglass.com\/online\/wp-content\/uploads\/2023\/02\/berlin-brandenburger-tor-sehenswuerdigkeit-3d-motiv-glasinnengravur-200x63.jpg 200w, https:\/\/mylaserglass.com\/online\/wp-content\/uploads\/2023\/02\/berlin-brandenburger-tor-sehenswuerdigkeit-3d-motiv-glasinnengravur-400x127.jpg 400w, https:\/\/mylaserglass.com\/online\/wp-content\/uploads\/2023\/02\/berlin-brandenburger-tor-sehenswuerdigkeit-3d-motiv-glasinnengravur-600x190.jpg 600w, https:\/\/mylaserglass.com\/online\/wp-content\/uploads\/2023\/02\/berlin-brandenburger-tor-sehenswuerdigkeit-3d-motiv-glasinnengravur-800x253.jpg 800w, https:\/\/mylaserglass.com\/online\/wp-content\/uploads\/2023\/02\/berlin-brandenburger-tor-sehenswuerdigkeit-3d-motiv-glasinnengravur.jpg 1200w\" data-sizes=\"auto\" data-orig-sizes=\"(max-width: 880px) 100vw, 1200px\" \/><\/span><\/div><\/div><\/div><\/div><\/div>\n","protected":false},"excerpt":{"rendered":"<p>3D Glaskristall Motiv \u00bb Sehensw\u00fcrdigkeiten Berlin \u00ab<\/p>\n<p>Hochwertig, optisch reiner Glas Kristall Quader mit einer aufw\u00e4ndigen &amp; detailgetreuen 3D Laser Glasinnengravur, in unterschiedlichen\u00a0Gr\u00f6\u00dfen, inkl. Geschenkbox.<\/p>\n<p style=\"text-align: center;\"><span style=\"color: #a69c6a;\"> EXCLUSIVE 3D GLAS GRAVUR GESCHENKIDEEN <\/span><\/p>\n","protected":false},"featured_media":1971,"template":"","meta":[],"product_brand":[],"product_cat":[69,49,60],"product_tag":[446,455,456,459,761,762,445],"class_list":{"0":"post-1974","1":"product","2":"type-product","3":"status-publish","4":"has-post-thumbnail","6":"product_cat-sehenswuerdigkeiten-berlin","7":"product_cat-3d-motive","8":"product_cat-3d-sehenswuerdigkeiten","9":"product_tag-3d","10":"product_tag-laser","11":"product_tag-motiv","12":"product_tag-souvenir","13":"product_tag-berliner","14":"product_tag-sehenswuerdigkeiten","15":"product_tag-glas","16":"pa_masse-60x40x40mm-80x50x50mm-90x60x60mm-120x80x80mm","17":"pa_material-optisch-reines-k9-kristallglas","18":"pa_sizerq-r60-60x40x40mm","19":"pa_sizerq-r80-80x50x50mm","20":"pa_sizerq-r90-90x60x60mm","21":"pa_sizerq-r120-120x80x80mm","22":"pa_verfugbarkeit-in-unterschiedlichen-glasgroessen","23":"pa_verpackung-schwarze-geschenkbox","24":"pa_zubehor-led-leuchtsockel-im-lieferumfang-nicht-enthalten","26":"first","27":"instock","28":"featured","29":"taxable","30":"shipping-taxable","31":"purchasable","32":"product-type-variable"},"wcpa_form_fields":null,"_links":{"self":[{"href":"https:\/\/mylaserglass.com\/online\/wp-json\/wp\/v2\/product\/1974","targetHints":{"allow":["GET"]}}],"collection":[{"href":"https:\/\/mylaserglass.com\/online\/wp-json\/wp\/v2\/product"}],"about":[{"href":"https:\/\/mylaserglass.com\/online\/wp-json\/wp\/v2\/types\/product"}],"wp:featuredmedia":[{"embeddable":true,"href":"https:\/\/mylaserglass.com\/online\/wp-json\/wp\/v2\/media\/1971"}],"wp:attachment":[{"href":"https:\/\/mylaserglass.com\/online\/wp-json\/wp\/v2\/media?parent=1974"}],"wp:term":[{"taxonomy":"product_brand","embeddable":true,"href":"https:\/\/mylaserglass.com\/online\/wp-json\/wp\/v2\/product_brand?post=1974"},{"taxonomy":"product_cat","embeddable":true,"href":"https:\/\/mylaserglass.com\/online\/wp-json\/wp\/v2\/product_cat?post=1974"},{"taxonomy":"product_tag","embeddable":true,"href":"https:\/\/mylaserglass.com\/online\/wp-json\/wp\/v2\/product_tag?post=1974"}],"curies":[{"name":"wp","href":"https:\/\/api.w.org\/{rel}","templated":true}]}}