{"id":262,"date":"2015-10-01T17:14:30","date_gmt":"2015-10-01T15:14:30","guid":{"rendered":"https:\/\/mylaserglass.com\/online\/produkt\/berliner-sehenswuerdigkeiten-schluesselanhaenger-3d-kristallglas-motive\/"},"modified":"2024-12-13T20:05:05","modified_gmt":"2024-12-13T19:05:05","slug":"berliner-sehenswuerdigkeiten-schluesselanhaenger-3d-motiv","status":"publish","type":"product","link":"https:\/\/mylaserglass.com\/online\/berliner-sehenswuerdigkeiten-schluesselanhaenger-3d-motiv\/","title":{"rendered":"Berliner Sehensw\u00fcrdigkeiten Schl\u00fcsselanh\u00e4nger | 3D Motiv"},"content":{"rendered":"<div class=\"fusion-fullwidth fullwidth-box fusion-builder-row-1 fusion-flex-container nonhundred-percent-fullwidth non-hundred-percent-height-scrolling\" style=\"--awb-border-radius-top-left:0px;--awb-border-radius-top-right:0px;--awb-border-radius-bottom-right:0px;--awb-border-radius-bottom-left:0px;--awb-flex-wrap:wrap;\" ><div class=\"fusion-builder-row fusion-row fusion-flex-align-items-flex-start fusion-flex-content-wrap\" style=\"max-width:1430px;margin-left: calc(-4% \/ 2 );margin-right: calc(-4% \/ 2 );\"><div class=\"fusion-layout-column fusion_builder_column fusion-builder-column-0 fusion_builder_column_1_1 1_1 fusion-flex-column\" style=\"--awb-bg-blend:overlay;--awb-bg-size:cover;--awb-width-large:100%;--awb-margin-top-large:0px;--awb-spacing-right-large:1.92%;--awb-margin-bottom-large:0px;--awb-spacing-left-large:1.92%;--awb-width-medium:100%;--awb-spacing-right-medium:1.92%;--awb-spacing-left-medium:1.92%;--awb-width-small:100%;--awb-spacing-right-small:1.92%;--awb-spacing-left-small:1.92%;\"><div class=\"fusion-column-wrapper fusion-flex-justify-content-flex-start fusion-content-layout-column\"><div class=\"fusion-text fusion-text-1\"><p>Das von unseren 3D Designern, bis aufs kleinste Detail, aufw\u00e4ndig modellierte und in Szene gesetzte dreidimensionale Motiv, Berliner Sehensw\u00fcrdigkeiten (Fernsehturm, Siegess\u00e4ule, Brandenburger Tor, Reichstag und Funkturm), erstrahlt hochaufl\u00f6send in optisch reinen Kristallglas.<\/p>\n<p>Der Glasblock inkl. Geschenkbox ist massives Kristallglas, das seine Brillanz nie verliert.<\/p>\n<p>Jede einzelne Anfertigung, einer qualitativ hochwertigen 3D Laser Gravur in Kristallglas, erfolgt direkt von uns vor Ort und ist ein einzigartiges Unikat.<\/p>\n<p style=\"text-align: center;\">Gravur von Logo, Text und anderen Motiven nur auf Anfrage<\/p>\n<\/div><div class=\"fusion-image-element \" style=\"text-align:center;--awb-margin-top:50PX;--awb-margin-bottom:50PX;--awb-caption-title-font-family:var(--h2_typography-font-family);--awb-caption-title-font-weight:var(--h2_typography-font-weight);--awb-caption-title-font-style:var(--h2_typography-font-style);--awb-caption-title-size:var(--h2_typography-font-size);--awb-caption-title-transform:var(--h2_typography-text-transform);--awb-caption-title-line-height:var(--h2_typography-line-height);--awb-caption-title-letter-spacing:var(--h2_typography-letter-spacing);\"><span class=\" fusion-imageframe imageframe-none imageframe-1 hover-type-none mlg-image\"><img decoding=\"async\" width=\"1200\" height=\"380\" alt=\"Berlin &gt;Brandenburger Tor&lt; \/ Sehensw\u00fcrdigkeiten | 3D Motiv Glasinnengravur\" title=\"Berlin &gt;Brandenburger Tor&lt; \/ Sehensw\u00fcrdigkeiten | 3D Motiv Glasinnengravur\" src=\"https:\/\/mylaserglass.com\/online\/wp-content\/uploads\/2023\/02\/berlin-brandenburger-tor-sehenswuerdigkeit-3d-motiv-glasinnengravur.jpg\" data-orig-src=\"https:\/\/mylaserglass.com\/online\/wp-content\/uploads\/2023\/02\/berlin-brandenburger-tor-sehenswuerdigkeit-3d-motiv-glasinnengravur.jpg\" class=\"lazyload img-responsive wp-image-20474\" srcset=\"data:image\/svg+xml,%3Csvg%20xmlns%3D%27http%3A%2F%2Fwww.w3.org%2F2000%2Fsvg%27%20width%3D%271200%27%20height%3D%27380%27%20viewBox%3D%270%200%201200%20380%27%3E%3Crect%20width%3D%271200%27%20height%3D%27380%27%20fill-opacity%3D%220%22%2F%3E%3C%2Fsvg%3E\" data-srcset=\"https:\/\/mylaserglass.com\/online\/wp-content\/uploads\/2023\/02\/berlin-brandenburger-tor-sehenswuerdigkeit-3d-motiv-glasinnengravur-200x63.jpg 200w, https:\/\/mylaserglass.com\/online\/wp-content\/uploads\/2023\/02\/berlin-brandenburger-tor-sehenswuerdigkeit-3d-motiv-glasinnengravur-400x127.jpg 400w, https:\/\/mylaserglass.com\/online\/wp-content\/uploads\/2023\/02\/berlin-brandenburger-tor-sehenswuerdigkeit-3d-motiv-glasinnengravur-600x190.jpg 600w, https:\/\/mylaserglass.com\/online\/wp-content\/uploads\/2023\/02\/berlin-brandenburger-tor-sehenswuerdigkeit-3d-motiv-glasinnengravur-800x253.jpg 800w, https:\/\/mylaserglass.com\/online\/wp-content\/uploads\/2023\/02\/berlin-brandenburger-tor-sehenswuerdigkeit-3d-motiv-glasinnengravur.jpg 1200w\" data-sizes=\"auto\" data-orig-sizes=\"(max-width: 880px) 100vw, 1200px\" \/><\/span><\/div><\/div><\/div><\/div><\/div>\n","protected":false},"excerpt":{"rendered":"<p>3D Glaskristall Motiv \u00bb Berliner Sehensw\u00fcrdigkeiten Schl\u00fcsselanh\u00e4nger \u00ab<\/p>\n<p>Hochwertig, optisch reiner Glas Kristall Schl\u00fcsselanh\u00e4nger, wahlweise mit \/ ohne LED, mit einer aufw\u00e4ndigen &amp; detailgetreuen 3D Laser Glasinnengravur inkl. Geschenkbox .<\/p>\n<p style=\"text-align: center;\"><span style=\"color: #a69c6a;\"> EXCLUSIVE 3D GLAS GRAVUR GESCHENKIDEEN <\/span><\/p>\n","protected":false},"featured_media":260,"template":"","meta":[],"product_brand":[],"product_cat":[49,60,69],"product_tag":[445,446,455,456,459,475,479],"class_list":{"0":"post-262","1":"product","2":"type-product","3":"status-publish","4":"has-post-thumbnail","6":"product_cat-3d-motive","7":"product_cat-3d-sehenswuerdigkeiten","8":"product_cat-sehenswuerdigkeiten-berlin","9":"product_tag-glas","10":"product_tag-3d","11":"product_tag-laser","12":"product_tag-motiv","13":"product_tag-souvenir","14":"product_tag-schluesselanhaenger","15":"product_tag-berliner-sehenswuerdigkeiten","16":"pa_led-farbe-ohne-licht","17":"pa_led-farbe-mit-weissen-licht","18":"pa_led-farbe-mit-blauen-licht","19":"pa_led-farbe-mit-roten-licht","20":"pa_lieferbar-mit-und-ohne-led","21":"pa_masse-30x20x15mm","22":"pa_material-optisch-reines-k9-kristallglas","23":"pa_schlusselanhangerled-inkl-batterie","24":"pa_schlusselhq-kc30-30x20x15mm","25":"pa_verpackung-schwarze-geschenkbox","27":"first","28":"instock","29":"taxable","30":"shipping-taxable","31":"purchasable","32":"product-type-variable","33":"has-default-attributes"},"wcpa_form_fields":null,"_links":{"self":[{"href":"https:\/\/mylaserglass.com\/online\/wp-json\/wp\/v2\/product\/262","targetHints":{"allow":["GET"]}}],"collection":[{"href":"https:\/\/mylaserglass.com\/online\/wp-json\/wp\/v2\/product"}],"about":[{"href":"https:\/\/mylaserglass.com\/online\/wp-json\/wp\/v2\/types\/product"}],"wp:featuredmedia":[{"embeddable":true,"href":"https:\/\/mylaserglass.com\/online\/wp-json\/wp\/v2\/media\/260"}],"wp:attachment":[{"href":"https:\/\/mylaserglass.com\/online\/wp-json\/wp\/v2\/media?parent=262"}],"wp:term":[{"taxonomy":"product_brand","embeddable":true,"href":"https:\/\/mylaserglass.com\/online\/wp-json\/wp\/v2\/product_brand?post=262"},{"taxonomy":"product_cat","embeddable":true,"href":"https:\/\/mylaserglass.com\/online\/wp-json\/wp\/v2\/product_cat?post=262"},{"taxonomy":"product_tag","embeddable":true,"href":"https:\/\/mylaserglass.com\/online\/wp-json\/wp\/v2\/product_tag?post=262"}],"curies":[{"name":"wp","href":"https:\/\/api.w.org\/{rel}","templated":true}]}}