{"id":271,"date":"2015-10-01T17:39:25","date_gmt":"2015-10-01T15:39:25","guid":{"rendered":"https:\/\/mylaserglass.com\/online\/produkt\/holstentor-luebeck-3d-kristallglas-motive\/"},"modified":"2024-12-09T14:55:09","modified_gmt":"2024-12-09T13:55:09","slug":"holstentor-luebeck-3d-motiv","status":"publish","type":"product","link":"https:\/\/mylaserglass.com\/online\/holstentor-luebeck-3d-motiv\/","title":{"rendered":"Holstentor L\u00fcbeck | 3D Motiv"},"content":{"rendered":"<p>Das von unseren 3D Designern, bis aufs kleinste Detail, aufw\u00e4ndig modellierte und in Szene gesetzte dreidimensionale Motiv, Holstentor L\u00fcbeck, erstrahlt hochaufl\u00f6send in optisch reinen Kristallglas.<\/p>\n<p>Der Glasblock inkl. Geschenkbox ist massives Kristallglas, das seine Brillanz nie verliert.<\/p>\n<p>Jede einzelne Anfertigung, einer qualitativ hochwertigen 3D Laser Gravur in Kristallglas, erfolgt direkt von uns vor Ort und ist ein einzigartiges Unikat.<\/p>\n<p>LED Leuchtsockel im Lieferumfang nicht enthalten<\/p>\n<p style=\"text-align: center;\">Gravur von Logo, Text und anderen Motiven nur auf Anfrage<\/p>\n","protected":false},"excerpt":{"rendered":"<p>3D Glaskristall Motiv \u00bb Holstentor L\u00fcbeck \u00ab<\/p>\n<p>Hochwertig, optisch reiner Glas Kristall W\u00fcrfel mit einer aufw\u00e4ndigen &amp; detailgetreuen 3D Laser Glasinnengravur, in unterschiedlichen\u00a0Gr\u00f6\u00dfen, inkl. Geschenkbox.<\/p>\n<p style=\"text-align: center;\"><span style=\"color: #a69c6a;\"> EXCLUSIVE 3D GLAS GRAVUR GESCHENKIDEEN <\/span><\/p>\n","protected":false},"featured_media":267,"template":"","meta":[],"product_brand":[],"product_cat":[49,60,76],"product_tag":[445,446,455,456,459,480],"class_list":{"0":"post-271","1":"product","2":"type-product","3":"status-publish","4":"has-post-thumbnail","6":"product_cat-3d-motive","7":"product_cat-3d-sehenswuerdigkeiten","8":"product_cat-sehenswuerdigkeiten-weltweit","9":"product_tag-glas","10":"product_tag-3d","11":"product_tag-laser","12":"product_tag-motiv","13":"product_tag-souvenir","14":"product_tag-holstentor-luebeck","15":"pa_masse-50x50x50mm-60x60x60mm","16":"pa_material-optisch-reines-k9-kristallglas","17":"pa_sizeccc-c50-50x50x50mm","18":"pa_sizeccc-c60-60x60x60mm","19":"pa_verfugbarkeit-in-unterschiedlichen-glasgroessen","20":"pa_verpackung-schwarze-geschenkbox","21":"pa_zubehor-led-leuchtsockel-im-lieferumfang-nicht-enthalten","23":"first","24":"instock","25":"taxable","26":"shipping-taxable","27":"purchasable","28":"product-type-variable"},"wcpa_form_fields":null,"_links":{"self":[{"href":"https:\/\/mylaserglass.com\/online\/wp-json\/wp\/v2\/product\/271","targetHints":{"allow":["GET"]}}],"collection":[{"href":"https:\/\/mylaserglass.com\/online\/wp-json\/wp\/v2\/product"}],"about":[{"href":"https:\/\/mylaserglass.com\/online\/wp-json\/wp\/v2\/types\/product"}],"wp:featuredmedia":[{"embeddable":true,"href":"https:\/\/mylaserglass.com\/online\/wp-json\/wp\/v2\/media\/267"}],"wp:attachment":[{"href":"https:\/\/mylaserglass.com\/online\/wp-json\/wp\/v2\/media?parent=271"}],"wp:term":[{"taxonomy":"product_brand","embeddable":true,"href":"https:\/\/mylaserglass.com\/online\/wp-json\/wp\/v2\/product_brand?post=271"},{"taxonomy":"product_cat","embeddable":true,"href":"https:\/\/mylaserglass.com\/online\/wp-json\/wp\/v2\/product_cat?post=271"},{"taxonomy":"product_tag","embeddable":true,"href":"https:\/\/mylaserglass.com\/online\/wp-json\/wp\/v2\/product_tag?post=271"}],"curies":[{"name":"wp","href":"https:\/\/api.w.org\/{rel}","templated":true}]}}