{"id":324,"date":"2015-10-02T16:51:56","date_gmt":"2015-10-02T14:51:56","guid":{"rendered":"https:\/\/mylaserglass.com\/online\/produkt\/zwillingstuerme-usa-3d-kristallglas-motive\/"},"modified":"2024-12-09T14:59:38","modified_gmt":"2024-12-09T13:59:38","slug":"zwillingstuerme-usa-3d-motiv","status":"publish","type":"product","link":"https:\/\/mylaserglass.com\/online\/zwillingstuerme-usa-3d-motiv\/","title":{"rendered":"Zwillingst\u00fcrme USA | 3D Motiv"},"content":{"rendered":"<div class=\"fusion-fullwidth fullwidth-box fusion-builder-row-1 fusion-flex-container nonhundred-percent-fullwidth non-hundred-percent-height-scrolling\" style=\"--awb-border-radius-top-left:0px;--awb-border-radius-top-right:0px;--awb-border-radius-bottom-right:0px;--awb-border-radius-bottom-left:0px;--awb-flex-wrap:wrap;\" ><div class=\"fusion-builder-row fusion-row fusion-flex-align-items-flex-start fusion-flex-content-wrap\" style=\"max-width:1430px;margin-left: calc(-4% \/ 2 );margin-right: calc(-4% \/ 2 );\"><div class=\"fusion-layout-column fusion_builder_column fusion-builder-column-0 fusion_builder_column_1_1 1_1 fusion-flex-column\" style=\"--awb-bg-blend:overlay;--awb-bg-size:cover;--awb-width-large:100%;--awb-margin-top-large:0px;--awb-spacing-right-large:1.92%;--awb-margin-bottom-large:0px;--awb-spacing-left-large:1.92%;--awb-width-medium:100%;--awb-spacing-right-medium:1.92%;--awb-spacing-left-medium:1.92%;--awb-width-small:100%;--awb-spacing-right-small:1.92%;--awb-spacing-left-small:1.92%;\"><div class=\"fusion-column-wrapper fusion-flex-justify-content-flex-start fusion-content-layout-column\"><div class=\"fusion-text fusion-text-1\"><p>Das von unseren 3D Designern, bis aufs kleinste Detail, aufw\u00e4ndig modellierte und in Szene gesetzte dreidimensionale Motiv, Zwillingst\u00fcrme USA, erstrahlt hochaufl\u00f6send in optisch reinen Kristallglas.<\/p>\n<p>Der Glasblock inkl. Geschenkbox ist massives Kristallglas, das seine Brillanz nie verliert.<\/p>\n<p>Jede einzelne Anfertigung, einer qualitativ hochwertigen 3D Laser Gravur in Kristallglas, erfolgt direkt von uns vor Ort und ist ein einzigartiges Unikat.<\/p>\n<p><strong>LED Leuchtsockel im Lieferumfang nicht enthalten<\/strong><\/p>\n<p style=\"text-align: center;\">Gravur von Logo, Text und anderen Motiven nur auf Anfrage<\/p>\n<\/div><div class=\"fusion-image-element \" style=\"text-align:center;--awb-margin-top:50PX;--awb-margin-bottom:50PX;--awb-caption-title-font-family:var(--h2_typography-font-family);--awb-caption-title-font-weight:var(--h2_typography-font-weight);--awb-caption-title-font-style:var(--h2_typography-font-style);--awb-caption-title-size:var(--h2_typography-font-size);--awb-caption-title-transform:var(--h2_typography-text-transform);--awb-caption-title-line-height:var(--h2_typography-line-height);--awb-caption-title-letter-spacing:var(--h2_typography-letter-spacing);\"><span class=\" fusion-imageframe imageframe-none imageframe-1 hover-type-none mlg-image\"><img decoding=\"async\" width=\"1200\" height=\"380\" alt=\"Sehensw\u00fcrdigkeiten - Weltweit | 2D\/3D Motiv Glasinnengravur\" title=\"Sehensw\u00fcrdigkeiten &#8211; Weltweit | 2D\/3D Motiv Glasinnengravur\" src=\"https:\/\/mylaserglass.com\/online\/wp-content\/uploads\/2023\/02\/sehenswuerdigkeit-weltweit-2d-3d-motiv-glasinnengravur.jpg\" data-orig-src=\"https:\/\/mylaserglass.com\/online\/wp-content\/uploads\/2023\/02\/sehenswuerdigkeit-weltweit-2d-3d-motiv-glasinnengravur.jpg\" class=\"lazyload img-responsive wp-image-20473\" srcset=\"data:image\/svg+xml,%3Csvg%20xmlns%3D%27http%3A%2F%2Fwww.w3.org%2F2000%2Fsvg%27%20width%3D%271200%27%20height%3D%27380%27%20viewBox%3D%270%200%201200%20380%27%3E%3Crect%20width%3D%271200%27%20height%3D%27380%27%20fill-opacity%3D%220%22%2F%3E%3C%2Fsvg%3E\" data-srcset=\"https:\/\/mylaserglass.com\/online\/wp-content\/uploads\/2023\/02\/sehenswuerdigkeit-weltweit-2d-3d-motiv-glasinnengravur-200x63.jpg 200w, https:\/\/mylaserglass.com\/online\/wp-content\/uploads\/2023\/02\/sehenswuerdigkeit-weltweit-2d-3d-motiv-glasinnengravur-400x127.jpg 400w, https:\/\/mylaserglass.com\/online\/wp-content\/uploads\/2023\/02\/sehenswuerdigkeit-weltweit-2d-3d-motiv-glasinnengravur-600x190.jpg 600w, https:\/\/mylaserglass.com\/online\/wp-content\/uploads\/2023\/02\/sehenswuerdigkeit-weltweit-2d-3d-motiv-glasinnengravur-800x253.jpg 800w, https:\/\/mylaserglass.com\/online\/wp-content\/uploads\/2023\/02\/sehenswuerdigkeit-weltweit-2d-3d-motiv-glasinnengravur.jpg 1200w\" data-sizes=\"auto\" data-orig-sizes=\"(max-width: 880px) 100vw, 1200px\" \/><\/span><\/div><\/div><\/div><\/div><\/div>\n","protected":false},"excerpt":{"rendered":"<p>3D Glaskristall Motiv \u00bb Zwillingst\u00fcrme USA \u00ab<\/p>\n<p>Hochwertig, optisch reiner Glas Kristall Quader mit einer aufw\u00e4ndigen &amp; detailgetreuen 3D Laser Glasinnengravur, in unterschiedlichen\u00a0Gr\u00f6\u00dfen, inkl. Geschenkbox.<\/p>\n<p style=\"text-align: center;\"><span style=\"color: #a69c6a;\"> EXCLUSIVE 3D GLAS GRAVUR GESCHENKIDEEN <\/span><\/p>\n","protected":false},"featured_media":320,"template":"","meta":[],"product_brand":[],"product_cat":[49,60,76],"product_tag":[459,487,445,446,455,456],"class_list":{"0":"post-324","1":"product","2":"type-product","3":"status-publish","4":"has-post-thumbnail","6":"product_cat-3d-motive","7":"product_cat-3d-sehenswuerdigkeiten","8":"product_cat-sehenswuerdigkeiten-weltweit","9":"product_tag-souvenir","10":"product_tag-zwillingstuerme-usa","11":"product_tag-glas","12":"product_tag-3d","13":"product_tag-laser","14":"product_tag-motiv","15":"pa_masse-50x80x50mm-60x90x60mm-80x120x80mm","16":"pa_material-optisch-reines-k9-kristallglas","17":"pa_sizerh-r90-60x90x60mm","18":"pa_sizerh-r120-80x120x80mm","19":"pa_sizerh-r80-50x80x50mm","20":"pa_verfugbarkeit-in-unterschiedlichen-glasgroessen","21":"pa_verpackung-schwarze-geschenkbox","22":"pa_zubehor-led-leuchtsockel-im-lieferumfang-nicht-enthalten","24":"first","25":"instock","26":"taxable","27":"shipping-taxable","28":"purchasable","29":"product-type-variable"},"wcpa_form_fields":null,"_links":{"self":[{"href":"https:\/\/mylaserglass.com\/online\/wp-json\/wp\/v2\/product\/324","targetHints":{"allow":["GET"]}}],"collection":[{"href":"https:\/\/mylaserglass.com\/online\/wp-json\/wp\/v2\/product"}],"about":[{"href":"https:\/\/mylaserglass.com\/online\/wp-json\/wp\/v2\/types\/product"}],"wp:featuredmedia":[{"embeddable":true,"href":"https:\/\/mylaserglass.com\/online\/wp-json\/wp\/v2\/media\/320"}],"wp:attachment":[{"href":"https:\/\/mylaserglass.com\/online\/wp-json\/wp\/v2\/media?parent=324"}],"wp:term":[{"taxonomy":"product_brand","embeddable":true,"href":"https:\/\/mylaserglass.com\/online\/wp-json\/wp\/v2\/product_brand?post=324"},{"taxonomy":"product_cat","embeddable":true,"href":"https:\/\/mylaserglass.com\/online\/wp-json\/wp\/v2\/product_cat?post=324"},{"taxonomy":"product_tag","embeddable":true,"href":"https:\/\/mylaserglass.com\/online\/wp-json\/wp\/v2\/product_tag?post=324"}],"curies":[{"name":"wp","href":"https:\/\/api.w.org\/{rel}","templated":true}]}}