{"id":383,"date":"2015-10-06T14:17:22","date_gmt":"2015-10-06T12:17:22","guid":{"rendered":"https:\/\/mylaserglass.com\/online\/produkt\/gluehbirne-schluesselanhaenger-3d-kristallglas-motive\/"},"modified":"2024-12-13T20:02:11","modified_gmt":"2024-12-13T19:02:11","slug":"gluehbirne-schluesselanhaenger-3d-motiv","status":"publish","type":"product","link":"https:\/\/mylaserglass.com\/online\/gluehbirne-schluesselanhaenger-3d-motiv\/","title":{"rendered":"Gl\u00fchbirne Schl\u00fcsselanh\u00e4nger | 3D Motiv"},"content":{"rendered":"<p>Das von unseren 3D Designern, bis aufs kleinste Detail, aufw\u00e4ndig modellierte und in Szene gesetzte dreidimensionale Motiv, Gl\u00fchbirne, erstrahlt hochaufl\u00f6send in optisch reinen Kristallglas.<\/p>\n<p>Der Glasblock inkl. Geschenkbox ist massives Kristallglas, das seine Brillanz nie verliert.<\/p>\n<p>Jede einzelne Anfertigung, einer qualitativ hochwertigen 3D Laser Gravur in Kristallglas, erfolgt direkt von uns vor Ort und ist ein einzigartiges Unikat.<\/p>\n<p style=\"text-align: center;\">Gravur von Logo, Text und anderen Motiven nur auf Anfrage<\/p>\n","protected":false},"excerpt":{"rendered":"<p>3D Glaskristall Motiv \u00bb Gl\u00fchbirne Schl\u00fcsselanh\u00e4nger \u00ab<\/p>\n<p>Hochwertig, optisch reiner Glas Kristall Schl\u00fcsselanh\u00e4nger, wahlweise mit \/ ohne LED, mit einer aufw\u00e4ndigen &amp; detailgetreuen 3D Laser Glasinnengravur inkl. Geschenkbox .<\/p>\n<p style=\"text-align: center;\"><span style=\"color: #a69c6a;\"> EXCLUSIVE 3D GLAS GRAVUR GESCHENKIDEEN <\/span><\/p>\n","protected":false},"featured_media":380,"template":"","meta":[],"product_brand":[],"product_cat":[49,56,70],"product_tag":[445,446,449,455,456,475,495],"class_list":{"0":"post-383","1":"product","2":"type-product","3":"status-publish","4":"has-post-thumbnail","6":"product_cat-3d-motive","7":"product_cat-motive-kategorien","8":"product_cat-art-design","9":"product_tag-glas","10":"product_tag-3d","11":"product_tag-geschenk","12":"product_tag-laser","13":"product_tag-motiv","14":"product_tag-schluesselanhaenger","15":"product_tag-60w-gluehbirne","16":"pa_led-farbe-ohne-licht","17":"pa_led-farbe-mit-weissen-licht","18":"pa_led-farbe-mit-blauen-licht","19":"pa_led-farbe-mit-roten-licht","20":"pa_lieferbar-mit-und-ohne-led","21":"pa_masse-20x30x15mm","22":"pa_material-optisch-reines-k9-kristallglas","23":"pa_schlusselanhangerled-inkl-batterie","24":"pa_schlusselhq-kc30-20x30x15mm","25":"pa_verpackung-schwarze-geschenkbox","27":"first","28":"instock","29":"taxable","30":"shipping-taxable","31":"purchasable","32":"product-type-variable","33":"has-default-attributes"},"wcpa_form_fields":null,"_links":{"self":[{"href":"https:\/\/mylaserglass.com\/online\/wp-json\/wp\/v2\/product\/383","targetHints":{"allow":["GET"]}}],"collection":[{"href":"https:\/\/mylaserglass.com\/online\/wp-json\/wp\/v2\/product"}],"about":[{"href":"https:\/\/mylaserglass.com\/online\/wp-json\/wp\/v2\/types\/product"}],"wp:featuredmedia":[{"embeddable":true,"href":"https:\/\/mylaserglass.com\/online\/wp-json\/wp\/v2\/media\/380"}],"wp:attachment":[{"href":"https:\/\/mylaserglass.com\/online\/wp-json\/wp\/v2\/media?parent=383"}],"wp:term":[{"taxonomy":"product_brand","embeddable":true,"href":"https:\/\/mylaserglass.com\/online\/wp-json\/wp\/v2\/product_brand?post=383"},{"taxonomy":"product_cat","embeddable":true,"href":"https:\/\/mylaserglass.com\/online\/wp-json\/wp\/v2\/product_cat?post=383"},{"taxonomy":"product_tag","embeddable":true,"href":"https:\/\/mylaserglass.com\/online\/wp-json\/wp\/v2\/product_tag?post=383"}],"curies":[{"name":"wp","href":"https:\/\/api.w.org\/{rel}","templated":true}]}}