{"id":734,"date":"2015-10-10T15:37:01","date_gmt":"2015-10-10T13:37:01","guid":{"rendered":"https:\/\/mylaserglass.com\/online\/produkt\/teelicht-mit-orchidee-3d-kristallglas-motive\/"},"modified":"2026-03-04T19:09:26","modified_gmt":"2026-03-04T18:09:26","slug":"teelicht-mit-orchidee-3d-motiv","status":"publish","type":"product","link":"https:\/\/mylaserglass.com\/online\/teelicht-mit-orchidee-3d-motiv\/","title":{"rendered":"Teelicht mit Orchidee | 3D Motiv"},"content":{"rendered":"<div class=\"fusion-fullwidth fullwidth-box fusion-builder-row-1 fusion-flex-container nonhundred-percent-fullwidth non-hundred-percent-height-scrolling\" style=\"--awb-border-radius-top-left:0px;--awb-border-radius-top-right:0px;--awb-border-radius-bottom-right:0px;--awb-border-radius-bottom-left:0px;--awb-flex-wrap:wrap;\" ><div class=\"fusion-builder-row fusion-row fusion-flex-align-items-flex-start fusion-flex-content-wrap\" style=\"max-width:1430px;margin-left: calc(-4% \/ 2 );margin-right: calc(-4% \/ 2 );\"><div class=\"fusion-layout-column fusion_builder_column fusion-builder-column-0 fusion_builder_column_1_1 1_1 fusion-flex-column\" style=\"--awb-bg-blend:overlay;--awb-bg-size:cover;--awb-width-large:100%;--awb-margin-top-large:0px;--awb-spacing-right-large:1.92%;--awb-margin-bottom-large:0px;--awb-spacing-left-large:1.92%;--awb-width-medium:100%;--awb-spacing-right-medium:1.92%;--awb-spacing-left-medium:1.92%;--awb-width-small:100%;--awb-spacing-right-small:1.92%;--awb-spacing-left-small:1.92%;\"><div class=\"fusion-column-wrapper fusion-flex-justify-content-flex-start fusion-content-layout-column\"><div class=\"fusion-text fusion-text-1\"><p style=\"text-align: center;\">Blumen, die nie verwelken<\/p>\n<p style=\"text-align: center;\">Das passende Geschenk zum Geburtstag oder Muttertag<\/p>\n<p>Das von unseren 3D Designern, bis aufs kleinste Detail, aufw\u00e4ndig modellierte und in Szene gesetzte dreidimensionale Motiv, Orchidee, erstrahlt hochaufl\u00f6send in optisch reinen Kristallglas.<\/p>\n<p>Der Glasblock inkl. Geschenkbox ist massives Kristallglas, das seine Brillanz nie verliert.<\/p>\n<p>Jede einzelne Anfertigung, einer qualitativ hochwertigen 3D Laser Gravur in Kristallglas, erfolgt direkt von uns vor Ort und ist ein einzigartiges Unikat.<\/p>\n<p>Kerze sowie LED Leuchtsockel im Lieferumfang nicht enthalten<\/p>\n<p style=\"text-align: center;\">Gravur von Logo, Text und anderen Motiven nur auf Anfrage<\/p>\n<\/div><div class=\"fusion-image-element \" style=\"text-align:center;--awb-margin-top:50PX;--awb-margin-bottom:50PX;--awb-caption-title-font-family:var(--h2_typography-font-family);--awb-caption-title-font-weight:var(--h2_typography-font-weight);--awb-caption-title-font-style:var(--h2_typography-font-style);--awb-caption-title-size:var(--h2_typography-font-size);--awb-caption-title-transform:var(--h2_typography-text-transform);--awb-caption-title-line-height:var(--h2_typography-line-height);--awb-caption-title-letter-spacing:var(--h2_typography-letter-spacing);\"><span class=\" fusion-imageframe imageframe-none imageframe-1 hover-type-none mlg-image\"><img decoding=\"async\" width=\"1200\" height=\"380\" alt=\"Orchidee \/ Blumen | 3D Motiv Glasinnengravur\" title=\"Orchidee \/ Blumen | 3D Motiv Glasinnengravur\" src=\"https:\/\/mylaserglass.com\/online\/wp-content\/uploads\/2023\/02\/orchidee-blumen-3d-motiv-glasinnengravur.jpg\" data-orig-src=\"https:\/\/mylaserglass.com\/online\/wp-content\/uploads\/2023\/02\/orchidee-blumen-3d-motiv-glasinnengravur.jpg\" class=\"lazyload img-responsive wp-image-20469\" srcset=\"data:image\/svg+xml,%3Csvg%20xmlns%3D%27http%3A%2F%2Fwww.w3.org%2F2000%2Fsvg%27%20width%3D%271200%27%20height%3D%27380%27%20viewBox%3D%270%200%201200%20380%27%3E%3Crect%20width%3D%271200%27%20height%3D%27380%27%20fill-opacity%3D%220%22%2F%3E%3C%2Fsvg%3E\" data-srcset=\"https:\/\/mylaserglass.com\/online\/wp-content\/uploads\/2023\/02\/orchidee-blumen-3d-motiv-glasinnengravur-200x63.jpg 200w, https:\/\/mylaserglass.com\/online\/wp-content\/uploads\/2023\/02\/orchidee-blumen-3d-motiv-glasinnengravur-400x127.jpg 400w, https:\/\/mylaserglass.com\/online\/wp-content\/uploads\/2023\/02\/orchidee-blumen-3d-motiv-glasinnengravur-600x190.jpg 600w, https:\/\/mylaserglass.com\/online\/wp-content\/uploads\/2023\/02\/orchidee-blumen-3d-motiv-glasinnengravur-800x253.jpg 800w, https:\/\/mylaserglass.com\/online\/wp-content\/uploads\/2023\/02\/orchidee-blumen-3d-motiv-glasinnengravur.jpg 1200w\" data-sizes=\"auto\" data-orig-sizes=\"(max-width: 880px) 100vw, 1200px\" \/><\/span><\/div><\/div><\/div><\/div><\/div>\n","protected":false},"excerpt":{"rendered":"<p>3D Glaskristall Motiv \u00bb Teelicht mit Orchidee \u00ab<\/p>\n<p>Hochwertig, optisch reines Glas Kristall Teelicht mit einer aufw\u00e4ndigen &amp; detailgetreuen 3D Laser Glasinnengravur inkl. Geschenkbox.<\/p>\n<p style=\"text-align: center;\"><span style=\"color: #a69c6a;\"> EXCLUSIVE 3D GLAS GRAVUR GESCHENKIDEEN <\/span><\/p>\n","protected":false},"featured_media":730,"template":"","meta":[],"product_brand":[],"product_cat":[49,54,56,84,96],"product_tag":[446,449,455,456,543,544,548,549,445],"class_list":{"0":"post-734","1":"product","2":"type-product","3":"status-publish","4":"has-post-thumbnail","6":"product_cat-3d-motive","7":"product_cat-sale","8":"product_cat-motive-kategorien","9":"product_cat-blumen","10":"product_cat-besondere-anlaesse","11":"product_tag-3d","12":"product_tag-geschenk","13":"product_tag-laser","14":"product_tag-motiv","15":"product_tag-geburtstag","16":"product_tag-muttertag","17":"product_tag-teelicht","18":"product_tag-orchideen-motiv","19":"product_tag-glas","20":"pa_material-optisch-reines-k9-kristallglas","21":"pa_verpackung-schwarze-geschenkbox","22":"pa_zubehor-kerze-sowie-led-leuchtsockel-im-lieferumfang-nicht-enthalten","23":"wcpa_has_options","25":"first","26":"instock","27":"sale","28":"sold-individually","29":"taxable","30":"shipping-taxable","31":"purchasable","32":"product-type-simple"},"wcpa_form_fields":{"wcpaData":{"product":{"product_price":71.1,"price_html":"<del aria-hidden=\"true\"><span class=\"woocommerce-Price-amount amount\"><bdi>79,00&nbsp;<span class=\"woocommerce-Price-currencySymbol\">&euro;<\/span><\/bdi><\/span><\/del> <span class=\"screen-reader-text\">Urspr\u00fcnglicher Preis war: 79,00&nbsp;&euro;<\/span><ins aria-hidden=\"true\"><span class=\"woocommerce-Price-amount amount\"><bdi>71,10&nbsp;<span class=\"woocommerce-Price-currencySymbol\">&euro;<\/span><\/bdi><\/span><\/ins><span class=\"screen-reader-text\">Aktueller Preis ist: 71,10&nbsp;&euro;.<\/span>","original_product_price":79,"price_including_tax":71.1,"price_excluding_tax":59.747899,"product_id":{"parent":734,"variation":false},"is_variable":false,"stock_status":"instock","stock_quantity":null,"parent_sku":"N6231M","product_attributes":{"pa_material":{"is_variation":false,"values":["optisch-reines-k9-kristallglas"]},"pa_verpackung":{"is_variation":false,"values":["schwarze-geschenkbox"]},"pa_zubehor":{"is_variation":false,"values":["kerze-sowie-led-leuchtsockel-im-lieferumfang-nicht-enthalten"]}},"custom_fields":[],"is_taxable":true,"product_name":"Teelicht mit Orchidee | 3D Motiv","hasImage":false},"fields":{"sec_064df89eabcd82":{"extra":{"key":"sec_064df89eabcd82","section_id":"sec_064df89eabcd82","name":"","status":1,"cl_rule":"show","enableCl":false,"relations":[],"toggle":true,"title_tag":"h3","show_title":false,"showPrice":"default","layout_option":"standard","accordionOpen":false,"form_id":24632,"form_rules":{"exclude_from_discount":false,"fee_label":"Glasgr\u00f6\u00dfe -\/+:","disp_hide_options_price":false,"disp_show_section_price":false,"disp_show_field_price":true,"layout_option":"standard","pric_use_as_fee":false,"process_fee_as":"woo_fee"}},"fields":[[{"active":true,"col":6,"relations":false,"cl_rule":"show","enableCl":false,"price":"","enablePrice":false,"className":"","label_position":"default","desc_position":"default","type":"header","required":false,"elementId":"header_864df89eabcdae","label":"GLAS INDIVIDUELL GESTALTEN","subtype":"h3","error":false,"enableDesign":true,"LabelColor":"#427ed1","LabelSize":"20","gt_translate_keys":["label"],"price_dependency":false,"cl_dependency":false,"value":""}],[{"active":true,"col":6,"relations":false,"cl_rule":"show","enableCl":false,"price":"","enablePrice":false,"className":"","label_position":"default","desc_position":"default","type":"separator","required":false,"elementId":"separator_964df89eabcdb7","label":"Separator Field","height":"5","separatorType":"blank","error":false,"gt_translate_keys":["label"],"price_dependency":false,"cl_dependency":false,"value":""}],[{"active":true,"col":6,"relations":false,"cl_rule":"show","enableCl":false,"price":"","enablePrice":true,"className":"","label_position":"default","desc_position":"default","type":"select","required":true,"elementId":"select_164df89eabcdbd","label":"SERVICE | TEXT","name":"select_164df89eabcdbd","values":[{"label":"Kein Text | Service","value":"Option - 1","selected":false,"tempId":"aco_2959","price":"0","gt_translate_keys":["label"]},{"label":"Mit Text | Service","value":"Option - 2","selected":false,"tempId":"aco_2960","price":"10","gt_translate_keys":["label"]}],"dropdown_type":"basic","error":false,"description":"Hier w\u00e4hlen Sie den gew\u00fcnschten SERVICE f\u00fcr Ihre personalisierte Glasgravur aus<br \/>\nINFO!: Der ggf. vorhandene TEXT im GLAS wird bei der Auswahl: (Mit Text | Service) mit Ihrem TEXT ersetzt","placeholder":"Serviceauswahl","priceOptions":"different_for_all","pricingType":"fixed","use_as_fee":false,"gt_translate_keys":["label","placeholder","description"],"price_dependency":false,"cl_dependency":["separator_564df89eabcdc3","text_664df89eabcdc8"],"value":""}],[{"elementId":"separator_564df89eabcdc3","separatorType":"blank","className":"","height":"10","enableCl":true,"relations":[{"operator":false,"rules":[{"operator":"AND","rules":{"cl_field":"select_164df89eabcdbd","cl_relation":"is","cl_val":"Option - 2"}}]}],"cl_rule":"show","col":6,"type":"separator","error":false,"gt_translate_keys":[],"price_dependency":false,"cl_dependency":false,"value":""}],[{"active":true,"col":6,"relations":[{"operator":false,"rules":[{"operator":"AND","rules":{"cl_field":"select_164df89eabcdbd","cl_relation":"is","cl_val":"Option - 2"}}]}],"cl_rule":"show","enableCl":true,"price":"","enablePrice":false,"className":"","label_position":"default","desc_position":"default","type":"text","subtype":"text","required":true,"elementId":"text_664df89eabcdc8","label":"SERVICE TEXT | GRAVUR","name":"text_664df89eabcdc8","value":"","error":false,"description":"Hier geben Sie Ihren TEXT ein<br \/>\nIhnen stehen je nach Glas mehrere Zeilen (+ ZEILE HINZUF\u00dcGEN) zur Verf\u00fcgung","tooltip":"INFO!<br \/>\nTEXTL\u00c4NGE sollte zur GLASGR\u00d6\u00dfE \/ FORMAT passen","placeholder":"z.B. Datum oder Name","repeater":true,"repeater_field_label":"","repeater_bind":"","repeater_max":"1","hideFieldIn_cart":false,"pricingType":"fixed","isTemplate":false,"mapToCheckout":false,"gt_translate_keys":["label","placeholder","description","value","tooltip","repeater_field_label"],"price_dependency":false,"cl_dependency":false}],[{"elementId":"separator_264df89eabcdce","separatorType":"blank","className":"","height":"10","enableCl":false,"relations":false,"cl_rule":"show","col":6,"type":"separator","gt_translate_keys":[],"price_dependency":false,"cl_dependency":false,"value":""}],[{"active":true,"col":6,"relations":false,"cl_rule":"show","enableCl":false,"price":"","enablePrice":false,"className":"","label_position":"default","desc_position":"default","type":"content","required":false,"elementId":"content_764df89eabcdd3","label":"","name":"content_764df89eabcdd3","contentType":"plain","value":"<p style=\"text-align:center;\">Gravur von Vektorgrafik & spezielle 2D \/ 3D Formate nur auf Anfrage<\/p>","error":false,"inline":false,"enableDesign":true,"LabelColor":"","LabelSize":"","DescColor":"#dfc38b","DescSize":"16","gt_translate_keys":["label","value"],"price_dependency":false,"cl_dependency":false}]]}},"config":{"price_override":"","enable_recaptcha":false,"bind_quantity":false,"quantity_bind_formula":false,"disp_summ_show_option_price":false,"disp_summ_show_product_price":true,"disp_summ_show_total_price":true,"disp_summ_show_fee":true,"disp_summ_show_discount":true,"summary_title":"Gesamtpreis f\u00fcr das individuelle Kristallglas","options_total_label":"Servicepreis:","total_label":"Gesamtpreis:","options_product_label":"Produktpreis:","fee_label":"Glasgr\u00f6\u00dfe -\/+:","discount_label":"Rabatt","has_price":true,"has_quantity_formula":false},"mc_unit":1,"tax_rate":1,"tax_rate_real":0.19,"discount":{"percentage":0,"fixed":0},"design":{"conf":{"LabelPosition":"above","DescPosition":"above","UploadField":"custom_1","QuantityFieldStyle":"default"},"css":{"LeftLabelWidth":"120px"}},"formulas":[],"clones":false,"cartKey":false}},"_links":{"self":[{"href":"https:\/\/mylaserglass.com\/online\/wp-json\/wp\/v2\/product\/734","targetHints":{"allow":["GET"]}}],"collection":[{"href":"https:\/\/mylaserglass.com\/online\/wp-json\/wp\/v2\/product"}],"about":[{"href":"https:\/\/mylaserglass.com\/online\/wp-json\/wp\/v2\/types\/product"}],"wp:featuredmedia":[{"embeddable":true,"href":"https:\/\/mylaserglass.com\/online\/wp-json\/wp\/v2\/media\/730"}],"wp:attachment":[{"href":"https:\/\/mylaserglass.com\/online\/wp-json\/wp\/v2\/media?parent=734"}],"wp:term":[{"taxonomy":"product_brand","embeddable":true,"href":"https:\/\/mylaserglass.com\/online\/wp-json\/wp\/v2\/product_brand?post=734"},{"taxonomy":"product_cat","embeddable":true,"href":"https:\/\/mylaserglass.com\/online\/wp-json\/wp\/v2\/product_cat?post=734"},{"taxonomy":"product_tag","embeddable":true,"href":"https:\/\/mylaserglass.com\/online\/wp-json\/wp\/v2\/product_tag?post=734"}],"curies":[{"name":"wp","href":"https:\/\/api.w.org\/{rel}","templated":true}]}}