{"id":908,"date":"2015-10-21T15:45:59","date_gmt":"2015-10-21T13:45:59","guid":{"rendered":"https:\/\/mylaserglass.com\/online\/produkt\/flaschenverschluss-kristallglas-2d-3d-laser-gravur-in-glas\/"},"modified":"2025-09-29T15:18:29","modified_gmt":"2025-09-29T13:18:29","slug":"kristallglas-flaschenverschluss-2d-3d-glas","status":"publish","type":"product","link":"https:\/\/mylaserglass.com\/online\/kristallglas-flaschenverschluss-2d-3d-glas\/","title":{"rendered":"Kristallglas Flaschenverschluss | 2D\/3D Glas"},"content":{"rendered":"<div class=\"fusion-fullwidth fullwidth-box fusion-builder-row-1 fusion-flex-container nonhundred-percent-fullwidth non-hundred-percent-height-scrolling\" style=\"--awb-border-radius-top-left:0px;--awb-border-radius-top-right:0px;--awb-border-radius-bottom-right:0px;--awb-border-radius-bottom-left:0px;--awb-flex-wrap:wrap;\" ><div class=\"fusion-builder-row fusion-row fusion-flex-align-items-flex-start fusion-flex-content-wrap\" style=\"max-width:1430px;margin-left: calc(-4% \/ 2 );margin-right: calc(-4% \/ 2 );\"><div class=\"fusion-layout-column fusion_builder_column fusion-builder-column-0 fusion_builder_column_1_1 1_1 fusion-flex-column\" style=\"--awb-bg-blend:overlay;--awb-bg-size:cover;--awb-width-large:100%;--awb-margin-top-large:0px;--awb-spacing-right-large:1.92%;--awb-margin-bottom-large:0px;--awb-spacing-left-large:1.92%;--awb-width-medium:100%;--awb-spacing-right-medium:1.92%;--awb-spacing-left-medium:1.92%;--awb-width-small:100%;--awb-spacing-right-small:1.92%;--awb-spacing-left-small:1.92%;\"><div class=\"fusion-column-wrapper fusion-flex-justify-content-flex-start fusion-content-layout-column\"><div class=\"fusion-text fusion-text-1\"><p>Flaschenverschluss (30x30x30mm)<br \/>\nGravurfl\u00e4che 20x20x20mm<\/p>\n<p>2D\/3D Laser Glasinnengravur in hochqualitativ optisch reines Kristallglas<br \/>\ngeeignet f\u00fcr eine individuelle Gravur von Illustration, Bild, Foto, Grafik, Text, Logo &amp; Co<\/p>\n<p>Die Bearbeitung f\u00fcr eine 2D &gt; 3D Bildmodellierung inkl. Hintergrundentfernung erfolgt innerhalb von 24 Stunden. Die Kosten daf\u00fcr sind nur einmalig zu entrichten.<\/p>\n<p><b>Bitte beachten<br \/>\n<\/b>Ihr Foto in digitaler Form, mit den erlaubten Dateierweiterungen .jpg, .jpeg, .gif und .png, sollte optimal belichtet, kontrastreich, hochaufl\u00f6send (min.Bildbreite und -h\u00f6he 400 Pixel, max.Bildbreite und -h\u00f6he 4000 Pixel) und nicht verwackelt sein.<br \/>\nAchtung! Maximale Dateigr\u00f6\u00dfe: 4MB<\/p>\n<p>Sind Sie sich bei der Glasauswahl unsicher k\u00f6nnen Sie uns \u00fcber die <strong><a href=\"https:\/\/mylaserglass.com\/online\/kristallglas-memo-clip-2d-3d-glas\/#contact\">Kontakt &amp; Produktanfrage<\/a><\/strong> Ihr Wunschfoto (mit markierten gew\u00fcnschten Bildausschnitt) und der Angabe des ausgew\u00e4hlten Glases zur Ansicht senden. Wir informieren Sie dann schnellstm\u00f6glich ob Ihr Foto (Bildausschnitt) f\u00fcr das gew\u00fcnschte Glas geeignet ist.<\/p>\n<p><strong>Bestellvorgang<\/strong><br \/>\nSollten Sie uns vorab Ihr Foto \/ Bild zur Ansicht gesendet haben so m\u00fcssen Sie dieses auch in Ihrer Bestellung als Anhang erneut hochladen.<\/p>\n<p><strong>Service 3D Modellierung<\/strong><br \/>\nhier geben Sie die Anzahl der zu bearbeitenden Personen \/ Tiere an, die auf dem Foto abgebildet sind<br \/>\n(der Hintergrund wird grunds\u00e4tzlich entfernt und ist im Preis inbegriffen)<\/p>\n<p><span id=\"wpaicg-chat-message-21846\" class=\"wpaicg-chat-message\">Verarbeitet werden ausschlie\u00dflich die sichtbaren Bereiche des Motivs im Foto. Der Hintergrund wird entfernt, und Bereiche, die nicht sichtbar sind, bleiben unber\u00fchrt, weil daf\u00fcr keine Bildinformationen vorhanden sind. So entsteht ein nat\u00fcrlich wirkender 3D-Eindruck, der das Wesentliche in den Mittelpunkt stellt.<\/span><\/p>\n<p><strong>Service Text Gravur<\/strong><br \/>\nhier w\u00e4hlen Sie die gew\u00fcnschte Schriftart f\u00fcr Ihren Wunschtext aus<br \/>\n(die angebotenen Schriftarten finden Sie, als Schriftmuster, unter Service Text Gravur)<\/p>\n<p>Gravur von Logo, Text und anderen Motiven nur auf Anfrage<\/p>\n<p>LED Leuchtsockel im Lieferumfang nicht enthalten<\/p>\n<\/div><\/div><\/div><\/div><\/div>\n","protected":false},"excerpt":{"rendered":"<p>Individuelle 2D\/3D Glasinnengravur in Kristallglas<\/p>\n<p>Bei diesem optisch reinen Kristallglas Flaschenverschluss erfolgt die 2D\/3D Gravur nach Ihren pers\u00f6nlichen Wunsch und ist geeignet f\u00fcr eine:<\/p>\n<p>3D Modellierung von einem pers\u00f6nlichen Foto \/ Bild mit 1\u20132 Personen \/ Tier, Logo, Text und anderen Motive<\/p>\n<p style=\"text-align: center;\"><span style=\"color: #a69c6a;\">EXCLUSIVE FOTOGESCHENKE IN GLAS<\/span><\/p>\n","protected":false},"featured_media":904,"template":"","meta":[],"product_brand":[],"product_cat":[48,50,65],"product_tag":[450,455,576,577,578,447,448,449],"class_list":{"0":"post-908","1":"product","2":"type-product","3":"status-publish","4":"has-post-thumbnail","6":"product_cat-kristallglas","7":"product_cat-accessoires","8":"product_cat-kristallglas-diverses","9":"product_tag-logo","10":"product_tag-laser","11":"product_tag-flaschenverschluss","12":"product_tag-kristallglas-und-edelstahl","13":"product_tag-3d-glas","14":"product_tag-foto","15":"product_tag-bild","16":"product_tag-geschenk","17":"pa_geeignet-fuer-eine-2d-3d-glasinnengravur","18":"pa_gravurflache-20x20x20mm","19":"pa_masse-30x30x30mm","20":"pa_material-optisch-reines-k9-kristallglas","21":"pa_verpackung-schwarze-geschenkbox","22":"pa_zubehor-led-leuchtsockel-im-lieferumfang-nicht-enthalten","24":"first","25":"instock","26":"sold-individually","27":"taxable","28":"shipping-taxable","29":"purchasable","30":"product-type-simple"},"wcpa_form_fields":null,"_links":{"self":[{"href":"https:\/\/mylaserglass.com\/online\/wp-json\/wp\/v2\/product\/908","targetHints":{"allow":["GET"]}}],"collection":[{"href":"https:\/\/mylaserglass.com\/online\/wp-json\/wp\/v2\/product"}],"about":[{"href":"https:\/\/mylaserglass.com\/online\/wp-json\/wp\/v2\/types\/product"}],"wp:featuredmedia":[{"embeddable":true,"href":"https:\/\/mylaserglass.com\/online\/wp-json\/wp\/v2\/media\/904"}],"wp:attachment":[{"href":"https:\/\/mylaserglass.com\/online\/wp-json\/wp\/v2\/media?parent=908"}],"wp:term":[{"taxonomy":"product_brand","embeddable":true,"href":"https:\/\/mylaserglass.com\/online\/wp-json\/wp\/v2\/product_brand?post=908"},{"taxonomy":"product_cat","embeddable":true,"href":"https:\/\/mylaserglass.com\/online\/wp-json\/wp\/v2\/product_cat?post=908"},{"taxonomy":"product_tag","embeddable":true,"href":"https:\/\/mylaserglass.com\/online\/wp-json\/wp\/v2\/product_tag?post=908"}],"curies":[{"name":"wp","href":"https:\/\/api.w.org\/{rel}","templated":true}]}}